{"id":870,"date":"2021-07-25T07:09:32","date_gmt":"2021-07-25T07:09:32","guid":{"rendered":"http:\/\/z.commonsupport.com\/xoven\/?page_id=870"},"modified":"2026-01-28T20:58:30","modified_gmt":"2026-01-29T01:58:30","slug":"service","status":"publish","type":"page","link":"https:\/\/ingenieriaredco.com\/index.php\/service\/","title":{"rendered":"Servicios"},"content":{"rendered":"\t\t<div data-elementor-type=\"wp-page\" data-elementor-id=\"870\" class=\"elementor elementor-870\">\n\t\t\t\t\t\t<section class=\"elementor-section elementor-top-section elementor-element elementor-element-9f4d5e8 elementor-section-full_width elementor-section-height-default elementor-section-height-default\" data-id=\"9f4d5e8\" data-element_type=\"section\" data-e-type=\"section\">\n\t\t\t\t\t\t<div class=\"elementor-container elementor-column-gap-no\">\n\t\t\t\t\t<div class=\"elementor-column elementor-col-100 elementor-top-column elementor-element elementor-element-e8db5ae\" data-id=\"e8db5ae\" data-element_type=\"column\" data-e-type=\"column\">\n\t\t\t<div class=\"elementor-widget-wrap elementor-element-populated\">\n\t\t\t\t\t\t<div class=\"elementor-element elementor-element-a2fa69a elementor-widget elementor-widget-xoven_h3_service\" data-id=\"a2fa69a\" data-element_type=\"widget\" data-e-type=\"widget\" data-widget_type=\"xoven_h3_service.default\">\n\t\t\t\t<div class=\"elementor-widget-container\">\n\t\t\t\t\t\n\t\t<section class=\"service-style3-area \">\n\t\t\t<div class=\"container\">\n\t\t\t\t\t\t\t\t<div class=\"sec-title text-center\">\n\t\t\t\t\t<div class=\"sub-title\">\n\t\t\t\t\t\t<h3>NUESTRO SERVICIOS<\/h3>\n\t\t\t\t\t<\/div>\n\t\t\t\t\t<h2>ofrecemos 4 l\u00edneas de servicio con calidad<\/h2>\n\t\t\t\t<\/div>\n\t\t\t\t\t\t\t\t<div class=\"row\">\n\t\t\t\t\t\t\t\t\t\t<div class=\"col-xl-3 col-lg-6 col-md-6\">\n\t\t\t\t\t\t<div class=\"single-service-style3 text-center\">\n\t\t\t\t\t\t\t<div class=\"icon\">\n\t\t\t\t\t\t\t\t<img decoding=\"async\" src=\"https:\/\/ingenieriaredco.com\/wp-content\/uploads\/2024\/12\/iconoingcivil.png\" alt=\"\">\n\t\t\t\t\t\t\t<\/div>\n\t\t\t\t\t\t\t<div class=\"title\">\n\t\t\t\t\t\t\t\t<h3><a href=\"https:\/\/ingenieriaredco.com\/index.php\/services-details\/\">ingenier\u00eda civil<\/a><\/h3>\n\t\t\t\t\t\t\t\t<div class=\"border-box\"><\/div>\n\t\t\t\t\t\t\t\t<div class=\"inner-text\">\n\t\t\t\t\t\t\t\t\t<p>Dise\u00f1amos, construimos y mantenemos obras civiles que marcan la diferencia. Desde el desarrollo de infraestructuras hasta la ejecuci\u00f3n de proyectos de alta complejidad, nuestro equipo de expertos garantiza soluciones s\u00f3lidas, seguras y adaptadas a tus necesidades. Ya sea para proyectos industriales, comerciales o residenciales, nuestra ingenier\u00eda civil es sin\u00f3nimo de calidad y cumplimiento.<\/p>\n\t\t\t\t\t\t\t\t<\/div>\n\t\t\t\t\t\t\t<\/div>\n\t\t\t\t\t\t<\/div>\n\t\t\t\t\t<\/div>\n\t\t\t\t\t\t\t\t\t\t<div class=\"col-xl-3 col-lg-6 col-md-6\">\n\t\t\t\t\t\t<div class=\"single-service-style3 text-center\">\n\t\t\t\t\t\t\t<div class=\"icon\">\n\t\t\t\t\t\t\t\t<img decoding=\"async\" src=\"https:\/\/ingenieriaredco.com\/wp-content\/uploads\/2025\/01\/ielectrica.png\" alt=\"\">\n\t\t\t\t\t\t\t<\/div>\n\t\t\t\t\t\t\t<div class=\"title\">\n\t\t\t\t\t\t\t\t<h3><a href=\"https:\/\/ingenieriaredco.com\/index.php\/servicios-ingenieria-electrica\/\">ingenier\u00eda el\u00e9ctrica<\/a><\/h3>\n\t\t\t\t\t\t\t\t<div class=\"border-box\"><\/div>\n\t\t\t\t\t\t\t\t<div class=\"inner-text\">\n\t\t\t\t\t\t\t\t\t<p>Llevamos energ\u00eda a tus proyectos con soluciones el\u00e9ctricas confiables y personalizadas. <br>Ofrecemos dise\u00f1o, instalaci\u00f3n y mantenimiento de redes el\u00e9ctricas que cumplen con los m\u00e1s altos est\u00e1ndares de seguridad y eficiencia. <br>Desde sistemas residenciales hasta instalaciones industriales, somos tu aliado para potenciar tus ideas con energ\u00eda de calidad.<\/p>\n\t\t\t\t\t\t\t\t<\/div>\n\t\t\t\t\t\t\t<\/div>\n\t\t\t\t\t\t<\/div>\n\t\t\t\t\t<\/div>\n\t\t\t\t\t\t\t\t\t\t<div class=\"col-xl-3 col-lg-6 col-md-6\">\n\t\t\t\t\t\t<div class=\"single-service-style3 text-center\">\n\t\t\t\t\t\t\t<div class=\"icon\">\n\t\t\t\t\t\t\t\t<img decoding=\"async\" src=\"https:\/\/ingenieriaredco.com\/wp-content\/uploads\/2025\/01\/ielectronica.png\" alt=\"\">\n\t\t\t\t\t\t\t<\/div>\n\t\t\t\t\t\t\t<div class=\"title\">\n\t\t\t\t\t\t\t\t<h3><a href=\"https:\/\/ingenieriaredco.com\/index.php\/servicios-ingenieria-electrica-2\/\">ingenier\u00eda electr\u00f3nica<\/a><\/h3>\n\t\t\t\t\t\t\t\t<div class=\"border-box\"><\/div>\n\t\t\t\t\t\t\t\t<div class=\"inner-text\">\n\t\t\t\t\t\t\t\t\t<p>La tecnolog\u00eda al servicio de la seguridad y la comodidad.<br> Dise\u00f1amos, instalamos y mantenemos sistemas electr\u00f3nicos avanzados, como CCTV, control de acceso, dom\u00f3tica, sistemas contra incendios y alarmas, adapt\u00e1ndonos a las necesidades de cada cliente. <br>Nuestro compromiso es brindarte soluciones que protejan y optimicen tus espacios, conservando una buena est\u00e9tica para su empresa.<\/p>\n\t\t\t\t\t\t\t\t<\/div>\n\t\t\t\t\t\t\t<\/div>\n\t\t\t\t\t\t<\/div>\n\t\t\t\t\t<\/div>\n\t\t\t\t\t\t\t\t\t\t<div class=\"col-xl-3 col-lg-6 col-md-6\">\n\t\t\t\t\t\t<div class=\"single-service-style3 text-center\">\n\t\t\t\t\t\t\t<div class=\"icon\">\n\t\t\t\t\t\t\t\t<img decoding=\"async\" src=\"https:\/\/ingenieriaredco.com\/wp-content\/uploads\/2025\/01\/itelco.png\" alt=\"\">\n\t\t\t\t\t\t\t<\/div>\n\t\t\t\t\t\t\t<div class=\"title\">\n\t\t\t\t\t\t\t\t<h3><a href=\"https:\/\/ingenieriaredco.com\/index.php\/servicios-ingenieria-telecomunicaciones\/\">ingenier\u00eda telco<\/a><\/h3>\n\t\t\t\t\t\t\t\t<div class=\"border-box\"><\/div>\n\t\t\t\t\t\t\t\t<div class=\"inner-text\">\n\t\t\t\t\t\t\t\t\t<p>Conectamos el presente con el futuro a trav\u00e9s de soluciones avanzadas en telecomunicaciones. Nos especializamos en el dise\u00f1o, construcci\u00f3n e implementaci\u00f3n de redes de fibra \u00f3ptica, redes GPON, radioenlaces, cableado estructurado y sistemas de distribuci\u00f3n. Desde redes troncales hasta la conexi\u00f3n con el cliente final, ofrecemos infraestructura de conectividad confiable y eficiente.<\/p>\n\t\t\t\t\t\t\t\t<\/div>\n\t\t\t\t\t\t\t<\/div>\n\t\t\t\t\t\t<\/div>\n\t\t\t\t\t<\/div>\n\t\t\t\t\t\t\t\t\t<\/div>\n\t\t\t<\/div>\n\t\t<\/section>\n            \n\t\t\t\t\t\t<\/div>\n\t\t\t\t<\/div>\n\t\t\t\t\t<\/div>\n\t\t<\/div>\n\t\t\t\t\t<\/div>\n\t\t<\/section>\n\t\t\t\t<\/div>\n\t\t","protected":false},"excerpt":{"rendered":"<p>NUESTRO SERVICIOS ofrecemos 4 l\u00edneas de servicio con calidad ingenier\u00eda civil Dise\u00f1amos, construimos y mantenemos obras civiles que marcan la diferencia. Desde el desarrollo de infraestructuras hasta la ejecuci\u00f3n de proyectos de alta complejidad, nuestro equipo de expertos garantiza soluciones s\u00f3lidas, seguras y adaptadas a tus necesidades. Ya sea para proyectos industriales, comerciales o residenciales, [&hellip;]<\/p>\n","protected":false},"author":1,"featured_media":0,"parent":0,"menu_order":0,"comment_status":"closed","ping_status":"closed","template":"tpl-default-elementor.php","meta":{"footnotes":""},"class_list":["post-870","page","type-page","status-publish","hentry"],"_links":{"self":[{"href":"https:\/\/ingenieriaredco.com\/index.php\/wp-json\/wp\/v2\/pages\/870","targetHints":{"allow":["GET"]}}],"collection":[{"href":"https:\/\/ingenieriaredco.com\/index.php\/wp-json\/wp\/v2\/pages"}],"about":[{"href":"https:\/\/ingenieriaredco.com\/index.php\/wp-json\/wp\/v2\/types\/page"}],"author":[{"embeddable":true,"href":"https:\/\/ingenieriaredco.com\/index.php\/wp-json\/wp\/v2\/users\/1"}],"replies":[{"embeddable":true,"href":"https:\/\/ingenieriaredco.com\/index.php\/wp-json\/wp\/v2\/comments?post=870"}],"version-history":[{"count":24,"href":"https:\/\/ingenieriaredco.com\/index.php\/wp-json\/wp\/v2\/pages\/870\/revisions"}],"predecessor-version":[{"id":2382,"href":"https:\/\/ingenieriaredco.com\/index.php\/wp-json\/wp\/v2\/pages\/870\/revisions\/2382"}],"wp:attachment":[{"href":"https:\/\/ingenieriaredco.com\/index.php\/wp-json\/wp\/v2\/media?parent=870"}],"curies":[{"name":"wp","href":"https:\/\/api.w.org\/{rel}","templated":true}]}}