{"id":435,"date":"2021-07-19T08:23:52","date_gmt":"2021-07-19T08:23:52","guid":{"rendered":"http:\/\/z.commonsupport.com\/xoven\/?page_id=435"},"modified":"2025-06-05T08:22:43","modified_gmt":"2025-06-05T13:22:43","slug":"contact","status":"publish","type":"page","link":"https:\/\/ingenieriaredco.com\/index.php\/contact\/","title":{"rendered":"Cont\u00e1ctenos"},"content":{"rendered":"\t\t<div data-elementor-type=\"wp-page\" data-elementor-id=\"435\" class=\"elementor elementor-435\">\n\t\t\t\t\t\t<section class=\"elementor-section elementor-top-section elementor-element elementor-element-710f9a0a elementor-section-full_width elementor-section-height-default elementor-section-height-default\" data-id=\"710f9a0a\" data-element_type=\"section\" data-e-type=\"section\">\n\t\t\t\t\t\t<div class=\"elementor-container elementor-column-gap-no\">\n\t\t\t\t\t<div class=\"elementor-column elementor-col-100 elementor-top-column elementor-element elementor-element-85dc668\" data-id=\"85dc668\" data-element_type=\"column\" data-e-type=\"column\">\n\t\t\t<div class=\"elementor-widget-wrap elementor-element-populated\">\n\t\t\t\t\t\t<div class=\"elementor-element elementor-element-7ceb65fa elementor-widget elementor-widget-google_maps\" data-id=\"7ceb65fa\" data-element_type=\"widget\" data-e-type=\"widget\" data-widget_type=\"google_maps.default\">\n\t\t\t\t<div class=\"elementor-widget-container\">\n\t\t\t\t\t\t\t<div class=\"elementor-custom-embed\">\n\t\t\t<iframe loading=\"lazy\"\n\t\t\t\t\tsrc=\"https:\/\/maps.google.com\/maps?q=Ingenier%C3%ADa%20Redco%20SAS%2C%20Ibague&#038;t=m&#038;z=15&#038;output=embed&#038;iwloc=near\"\n\t\t\t\t\ttitle=\"Ingenier\u00eda Redco SAS, Ibague\"\n\t\t\t\t\taria-label=\"Ingenier\u00eda Redco SAS, Ibague\"\n\t\t\t><\/iframe>\n\t\t<\/div>\n\t\t\t\t\t\t<\/div>\n\t\t\t\t<\/div>\n\t\t\t\t\t<\/div>\n\t\t<\/div>\n\t\t\t\t\t<\/div>\n\t\t<\/section>\n\t\t\t\t<section class=\"elementor-section elementor-top-section elementor-element elementor-element-2b061689 elementor-section-full_width elementor-section-height-default elementor-section-height-default\" data-id=\"2b061689\" data-element_type=\"section\" data-e-type=\"section\">\n\t\t\t\t\t\t<div class=\"elementor-container elementor-column-gap-no\">\n\t\t\t\t\t<div class=\"elementor-column elementor-col-100 elementor-top-column elementor-element elementor-element-79144f43\" data-id=\"79144f43\" data-element_type=\"column\" data-e-type=\"column\">\n\t\t\t<div class=\"elementor-widget-wrap elementor-element-populated\">\n\t\t\t\t\t\t<div class=\"elementor-element elementor-element-30e6aaf7 elementor-widget elementor-widget-xoven_contact\" data-id=\"30e6aaf7\" data-element_type=\"widget\" data-e-type=\"widget\" data-widget_type=\"xoven_contact.default\">\n\t\t\t\t<div class=\"elementor-widget-container\">\n\t\t\t\t\t\n\t\t<section class=\"contact-style1-area \">\n\t\t\t<div class=\"container\">\n\t\t\t\t<div class=\"row\">\n\t\t\t\t\t<div class=\"col-xl-12\">\n\t\t\t\t\t\t<div class=\"contact-style1_inner-box\">\n\n\t\t\t\t\t\t\t<div class=\"contact-style1_form\">\n\t\t\t\t\t\t\t\t\t\t\t\t\t\t\t\t<div class=\"top-title\">\n\t\t\t\t\t\t\t\t\t<h3>Tu Opini\u00f3n Nos Importa<\/h3>\n\t\t\t\t\t\t\t\t\t<p>Tu voz es importante para nosotros. Ya sea para solicitar una cotizaci\u00f3n, reportar un PQR, felicitar o compartir tu opini\u00f3n, estamos aqu\u00ed para escucharte. \u00a1Escr\u00edbenos!\"<\/p>\n\t\t\t\t\t\t\t\t<\/div>\n\t\t\t\t\t\t\t\t\t\t\t\t\t\t\t\t<div class=\"contact-form\">\n\t\t\t\t\t\t\t\t\t[contact-form-7 id=\"771\" title=\"Contact Page Form\"]\t\t\t\t\t\t\t\t\t\n\t\t\t\t\t\t\t\t<\/div>\n\t\t\t\t\t\t\t<\/div>\n\n\t\t\t\t\t\t\t<div class=\"contact-info-sidebar\">\n\t\t\t\t\t\t\t\t<ul>\n\t\t\t\t\t\t\t\t\n\t\t\t\t\t\t\t\t\t\t\t\t\t\t\t\t\t\n\t\t\t\t\t\t\t\t\t<li>\n\t\t\t\t\t\t\t\t\t\t<div class=\"inner\">\n\t\t\t\t\t\t\t\t\t\t\t<div class=\"inner_title\">\n\t\t\t\t\t\t\t\t\t\t\t\t<h3>Direcci\u00f3n<\/h3>\n\t\t\t\t\t\t\t\t\t\t\t<\/div>\n\t\t\t\t\t\t\t\t\t\t\t<div class=\"inner_text\">\n\t\t\t\t\t\t\t\t\t\t\t\t<p>Carrera 46 Sur 116 - 24 San Francisco Aparco, Ibagu\u00e9.<br>\nCarrera 73A 30B - 76 Bel\u00e9n Rosales, Medell\u00edn. <br>\nMz 5 Casa 9 Barrio Corales, Pereira\n<\/p>\n\t\t\t\t\t\t\t\t\t\t\t<\/div>\n\t\t\t\t\t\t\t\t\t\t<\/div>\n\t\t\t\t\t\t\t\t\t<\/li>\n\t\t\t\t\t\t\t\t\t\n\t\t\t\t\t\t\t\t\t\t\t\t\t\t\t\t\t\n\t\t\t\t\t\t\t\t\t<li>\n\t\t\t\t\t\t\t\t\t\t<div class=\"inner\">\n\t\t\t\t\t\t\t\t\t\t\t<div class=\"inner_title\">\n\t\t\t\t\t\t\t\t\t\t\t\t<h3>Tel\u00e9fono<\/h3>\n\t\t\t\t\t\t\t\t\t\t\t<\/div>\n\t\t\t\t\t\t\t\t\t\t\t<div class=\"inner_text\">\n\t\t\t\t\t\t\t\t\t\t\t\t<p>(+573173701280)<\/p>\n\t\t\t\t\t\t\t\t\t\t\t<\/div>\n\t\t\t\t\t\t\t\t\t\t<\/div>\n\t\t\t\t\t\t\t\t\t<\/li>\n\t\t\t\t\t\t\t\t\t\n\t\t\t\t\t\t\t\t\t\t\t\t\t\t\t\t\t\n\t\t\t\t\t\t\t\t\t<li>\n\t\t\t\t\t\t\t\t\t\t<div class=\"inner\">\n\t\t\t\t\t\t\t\t\t\t\t<div class=\"inner_title\">\n\t\t\t\t\t\t\t\t\t\t\t\t<h3>E-mail<\/h3>\n\t\t\t\t\t\t\t\t\t\t\t<\/div>\n\t\t\t\t\t\t\t\t\t\t\t<div class=\"inner_text\">\n\t\t\t\t\t\t\t\t\t\t\t\t<p>contacto@ingenieriaredco.com<\/p>\n\t\t\t\t\t\t\t\t\t\t\t<\/div>\n\t\t\t\t\t\t\t\t\t\t<\/div>\n\t\t\t\t\t\t\t\t\t<\/li>\n\t\t\t\t\t\t\t\t\t\n\t\t\t\t\t\t\t\t\t\t\t\t\t\t\t\t\t\t\n\t\t\t\t\t\t\t\t\t<li>\n\t\t\t\t\t\t\t\t\t\t<div class=\"inner\">\n\t\t\t\t\t\t\t\t\t\t\t<div class=\"inner_title\">\n\t\t\t\t\t\t\t\t\t\t\t\t<h3>Social<\/h3>\n\t\t\t\t\t\t\t\t\t\t\t<\/div>\n\t\t\t\t\t\t\t\t\t\t\t<div class=\"inner_text\">\n\t\t\t\t\t\t\t\t\t\t\t\t<ul class=\"social-link\">\n\t\t\t\t\t\t\t\t\t\t\t\t\t\t\t\t\t\t\t\t\t\t\t\t\t\t<li><a href=\"https:\/\/www.facebook.com\/ingenieriaredco\/\"><i class=\"fa fa fa-facebook\"><\/i><\/a><\/li>\n\t\t\t\t\t\t\t\t\t\t\t\t\t\t\t\t\t\t\t\t\t\t\t\t\t\t<li><a href=\"https:\/\/linkedin.com\/ingenieria-redco\"><i class=\"fa fa fa-linkedin-square\"><\/i><\/a><\/li>\n\t\t\t\t\t\t\t\t\t\t\t\t\t\t\t\t\t\t\t\t\t\t\t\t\t\t<li><a href=\"https:\/\/www.instagram.com\/ingenieriaredco\/\"><i class=\"fa fa fa-instagram\"><\/i><\/a><\/li>\n\t\t\t\t\t\t\t\t\t\t\t\t\t\t\t\t\t\t\t\t\t\t\t\t\t<\/ul>\n\t\t\t\t\t\t\t\t\t\t\t<\/div>\n\t\t\t\t\t\t\t\t\t\t<\/div>\n\t\t\t\t\t\t\t\t\t<\/li>\n\t\t\t\t\t\t\t\t<\/ul>\n\t\t\t\t\t\t\t<\/div>\n\t\t\t\t\t\t<\/div>\n\n\t\t\t\t\t<\/div>\n\t\t\t\t<\/div>\n\t\t\t<\/div>\n\t\t<\/section>\n            \n\t\t\t\t\t\t<\/div>\n\t\t\t\t<\/div>\n\t\t\t\t\t<\/div>\n\t\t<\/div>\n\t\t\t\t\t<\/div>\n\t\t<\/section>\n\t\t\t\t<\/div>\n\t\t","protected":false},"excerpt":{"rendered":"<p>Tu Opini\u00f3n Nos Importa Tu voz es importante para nosotros. Ya sea para solicitar una cotizaci\u00f3n, reportar un PQR, felicitar o compartir tu opini\u00f3n, estamos aqu\u00ed para escucharte. \u00a1Escr\u00edbenos!&#8221; Nombre y Apellido Email Tel\u00e9fono Tipo de Asunto Seleccione&#8230;Felicitaci\u00f3nCotizaci\u00f3nContactar ClientePQR Asunto Mensaje Enviar Mensaje Direcci\u00f3n Carrera 46 Sur 116 &#8211; 24 San Francisco Aparco, Ibagu\u00e9. Carrera [&hellip;]<\/p>\n","protected":false},"author":1,"featured_media":0,"parent":0,"menu_order":0,"comment_status":"closed","ping_status":"closed","template":"tpl-default-elementor.php","meta":{"footnotes":""},"class_list":["post-435","page","type-page","status-publish","hentry"],"_links":{"self":[{"href":"https:\/\/ingenieriaredco.com\/index.php\/wp-json\/wp\/v2\/pages\/435","targetHints":{"allow":["GET"]}}],"collection":[{"href":"https:\/\/ingenieriaredco.com\/index.php\/wp-json\/wp\/v2\/pages"}],"about":[{"href":"https:\/\/ingenieriaredco.com\/index.php\/wp-json\/wp\/v2\/types\/page"}],"author":[{"embeddable":true,"href":"https:\/\/ingenieriaredco.com\/index.php\/wp-json\/wp\/v2\/users\/1"}],"replies":[{"embeddable":true,"href":"https:\/\/ingenieriaredco.com\/index.php\/wp-json\/wp\/v2\/comments?post=435"}],"version-history":[{"count":29,"href":"https:\/\/ingenieriaredco.com\/index.php\/wp-json\/wp\/v2\/pages\/435\/revisions"}],"predecessor-version":[{"id":2392,"href":"https:\/\/ingenieriaredco.com\/index.php\/wp-json\/wp\/v2\/pages\/435\/revisions\/2392"}],"wp:attachment":[{"href":"https:\/\/ingenieriaredco.com\/index.php\/wp-json\/wp\/v2\/media?parent=435"}],"curies":[{"name":"wp","href":"https:\/\/api.w.org\/{rel}","templated":true}]}}