{"id":419,"date":"2021-07-19T08:21:14","date_gmt":"2021-07-19T13:21:14","guid":{"rendered":"http:\/\/z.commonsupport.com\/xoven\/?page_id=419"},"modified":"2025-06-05T08:11:14","modified_gmt":"2025-06-05T13:11:14","slug":"services-details","status":"publish","type":"page","link":"https:\/\/ingenieriaredco.com\/index.php\/services-details\/","title":{"rendered":"Servicios &#8211; Ingenier\u00eda Civil"},"content":{"rendered":"\t\t<div data-elementor-type=\"wp-page\" data-elementor-id=\"419\" class=\"elementor elementor-419\">\n\t\t\t\t\t\t<section class=\"elementor-section elementor-top-section elementor-element elementor-element-14ba0609 elementor-section-full_width elementor-section-height-default elementor-section-height-default\" data-id=\"14ba0609\" data-element_type=\"section\" data-e-type=\"section\">\n\t\t\t\t\t\t<div class=\"elementor-container elementor-column-gap-no\">\n\t\t\t\t\t<div class=\"elementor-column elementor-col-100 elementor-top-column elementor-element elementor-element-63be6b81\" data-id=\"63be6b81\" data-element_type=\"column\" data-e-type=\"column\">\n\t\t\t<div class=\"elementor-widget-wrap elementor-element-populated\">\n\t\t\t\t\t\t<div class=\"elementor-element elementor-element-2245668 elementor-widget elementor-widget-xoven_service_details\" data-id=\"2245668\" data-element_type=\"widget\" data-e-type=\"widget\" data-widget_type=\"xoven_service_details.default\">\n\t\t\t\t<div class=\"elementor-widget-container\">\n\t\t\t\t\t\n\t\t<section class=\"service-details-area two\">\n\t\t\t<div class=\"container\">\n\t\t\t\t<div class=\"row\">\n\t\t\t\t\t<div class=\"col-xl-12\">\n\t\t\t\t\t\t<div class=\"service-deails-box\">\n\t\t\t\t\t\t\t<div class=\"shape1\">\n\t\t\t\t\t\t\t\t   \n\t\t\t\t\t\t\t\t<img decoding=\"async\" src=\"https:\/\/ingenieriaredco.com\/wp-content\/uploads\/2024\/12\/thm-shape1-5.png\" alt=\"\"\/>\n\t\t\t\t\t\t\t\t\t\t\t\t\t\t\t<\/div>\n\t\t\t\t\t\t\t<div class=\"bg-shape\"><\/div>\n\t\t\t\t\t\t\t<div class=\"service-details-content-box\">\n\t\t\t\t\t\t\t\t<div class=\"icon\">\n\t\t\t\t\t\t\t\t\t   \n\t\t\t\t\t\t\t\t\t<img decoding=\"async\" src=\"https:\/\/ingenieriaredco.com\/wp-content\/uploads\/2024\/12\/iconoingcivil.png\" alt=\"\"\/>\n\t\t\t\t\t\t\t\t\t\t\t\t\t\t\t\t\t<\/div>\n\t\t\t\t\t\t\t\t<div class=\"text\">\n\t\t\t\t\t\t\t\t\t<h3>Dise\u00f1o, instalacion y mantenimiento<\/h3>\n\t\t\t\t\t\t\t\t\t<div class=\"inner-text\">\n\t\t\t\t\t\t\t\t\t\t<p>Construir el futuro requiere visi\u00f3n, precisi\u00f3n y experiencia. En INGENIERIA REDCO, somos especialistas en ingenier\u00eda civil, ofreciendo soluciones integrales que combinan innovaci\u00f3n y funcionalidad para dar vida a proyectos que transforman espacios y mejoran comunidades.\n<\/p>\n\t\t\t\t\t\t\t\t\t<\/div>\n\t\t\t\t\t\t\t\t<\/div>\n\t\t\t\t\t\t\t<\/div>\n\t\t\t\t\t\t\t<div class=\"service-details-image-box\">\n\t\t\t\t\t\t\t\t   \n\t\t\t\t\t\t\t\t<img decoding=\"async\" src=\"https:\/\/ingenieriaredco.com\/wp-content\/uploads\/2024\/12\/ingcivil01.png\" alt=\"\"\/>\n\t\t\t\t\t\t\t\t\t\t\t\t\t\t\t<\/div>\n\t\t\t\t\t\t\t\n\n\t\t\t\t\t\t<\/div>\n\t\t\t\t\t<\/div>\n\t\t\t\t<\/div>\n\n\t\t\t\t<div class=\"service-deails-bottom-box\">\n\t\t\t\t\t<div class=\"row\">\n\t\t\t\t\t\t\t\t\t\t\t\t<div class=\"col-xl-6 col-lg-12 col-md-12 col-sm-12\">\n\t\t\t\t\t\t\t<div class=\"single-support-box martop30\">\n\t\t\t\t\t\t\t\t<div class=\"inner-box\">\n\t\t\t\t\t\t\t\t\t<div class=\"icon\">\n\t\t\t\t\t\t\t\t\t\t<span class=\"fa fa-picture-o\"><\/span>\n\t\t\t\t\t\t\t\t\t<\/div>\n\t\t\t\t\t\t\t\t\t<div class=\"title\">\n\t\t\t\t\t\t\t\t\t\t<h2>Dise\u00f1amos tu visi\u00f3n<\/h2>\n\t\t\t\t\t\t\t\t\t\t<p>El dise\u00f1o es el primer paso para materializar cualquier obra civil. Nuestro equipo de ingenieros crea planos y propuestas personalizadas que maximizan el potencial de cada proyecto, cuidando cada detalle y priorizando la eficiencia, la seguridad y la sostenibilidad.<\/p>\n\t\t\t\t\t\t\t\t\t<\/div>\n\t\t\t\t\t\t\t\t<\/div>\n\t\t\t\t\t\t\t<\/div>\n\t\t\t\t\t\t<\/div>\n\t\t\t\t\t\t\t\t\t\t\t\t<div class=\"col-xl-6 col-lg-12 col-md-12 col-sm-12\">\n\t\t\t\t\t\t\t<div class=\"single-support-box martop30\">\n\t\t\t\t\t\t\t\t<div class=\"inner-box\">\n\t\t\t\t\t\t\t\t\t<div class=\"icon\">\n\t\t\t\t\t\t\t\t\t\t<span class=\" flaticon-play-button-2\"><\/span>\n\t\t\t\t\t\t\t\t\t<\/div>\n\t\t\t\t\t\t\t\t\t<div class=\"title\">\n\t\t\t\t\t\t\t\t\t\t<h2>Implementamos tus ideas<\/h2>\n\t\t\t\t\t\t\t\t\t\t<p>Con experiencia y recursos de \u00faltima generaci\u00f3n, hacemos que los proyectos cobren vida. En toda obra que realizamos, siempre cumplimos  con los m\u00e1s altos est\u00e1ndares de calidad, garantizando estructuras s\u00f3lidas y funcionales para su tranquilidad.<\/p>\n\t\t\t\t\t\t\t\t\t<\/div>\n\t\t\t\t\t\t\t\t<\/div>\n\t\t\t\t\t\t\t<\/div>\n\t\t\t\t\t\t<\/div>\n\t\t\t\t\t\t\t\t\t\t\t<\/div>\n\t\t\t\t<\/div>\n\t\t\t<\/div>\n\t\t<\/section>\n            \n\t\t\t\t\t\t<\/div>\n\t\t\t\t<\/div>\n\t\t\t\t\t<\/div>\n\t\t<\/div>\n\t\t\t\t\t<\/div>\n\t\t<\/section>\n\t\t\t\t<section class=\"elementor-section elementor-top-section elementor-element elementor-element-508d7e42 elementor-section-boxed elementor-section-height-default elementor-section-height-default\" data-id=\"508d7e42\" data-element_type=\"section\" data-e-type=\"section\" data-settings=\"{&quot;background_background&quot;:&quot;classic&quot;}\">\n\t\t\t\t\t\t<div class=\"elementor-container elementor-column-gap-no\">\n\t\t\t\t\t<div class=\"elementor-column elementor-col-50 elementor-top-column elementor-element elementor-element-6e98aebd\" data-id=\"6e98aebd\" data-element_type=\"column\" data-e-type=\"column\">\n\t\t\t<div class=\"elementor-widget-wrap elementor-element-populated\">\n\t\t\t\t\t\t<div class=\"elementor-element elementor-element-126d2bcc elementor-widget elementor-widget-xoven_h1_skill_right\" data-id=\"126d2bcc\" data-element_type=\"widget\" data-e-type=\"widget\" data-widget_type=\"xoven_h1_skill_right.default\">\n\t\t\t\t<div class=\"elementor-widget-container\">\n\t\t\t\t\t\n\t\t<section class=\"skill-style1-area pdtop120\">\n\t\t\t<div class=\"custom-container\">\n\t\t\t\t<div class=\"row\">\n\t\t\t\t\t<div class=\"col-xl-12\">\n\t\t\t\t\t\t<div class=\"skill-style1_content-box\">\n\t\t\t\t\t\t\t<h2>Mantenemos<br>  tu inversi\u00f3n.<br> <\/h2>    \n\t\t\t\t\t\t\t<p>Entendemos que una obra no termina al finalizar la construcci\u00f3n. Por eso, ofrecemos servicios de mantenimiento preventivo y correctivo para asegurar la durabilidad de tus instalaciones y proteger tu inversi\u00f3n a lo largo del tiempo.<\/p>\n\t\t\t\t\t\t\t<div class=\"skill-progress-box\">\n\t\t\t\t\t\t\t\t<div class=\"row\">\n\t\t\t\t\t\t\t\t\t\t\t\t\t\t\t\t\t\t<div class=\"col-xl-6 col-lg-6\">\n\t\t\t\t\t\t\t\t\t\t<div class=\"progress-levels \">\n\t\t\t\t\t\t\t\t\t\t\t<!--Skill Box-->\n\t\t\t\t\t\t\t\t\t\t\t<div class=\"progress-box wow\">\n\t\t\t\t\t\t\t\t\t\t\t\t<div class=\"inner count-box\">\n\t\t\t\t\t\t\t\t\t\t\t\t\t<div class=\"bar\">\n\t\t\t\t\t\t\t\t\t\t\t\t\t\t<div class=\"bar-innner\">\n\t\t\t\t\t\t\t\t\t\t\t\t\t\t\t<div class=\"bar-fill\" data-percent=\"87\" title=\"Book\"><\/div>\n\t\t\t\t\t\t\t\t\t\t\t\t\t\t<\/div>\n\t\t\t\t\t\t\t\t\t\t\t\t\t<\/div>\n\t\t\t\t\t\t\t\t\t\t\t\t\t<div class=\"skill-percent\">\n\t\t\t\t\t\t\t\t\t\t\t\t\t\t<div class=\"title\">\n\t\t\t\t\t\t\t\t\t\t\t\t\t\t\t<h6>Proyectos en Ejecuci\u00f3n<\/h6>\n\t\t\t\t\t\t\t\t\t\t\t\t\t\t<\/div>\n\t\t\t\t\t\t\t\t\t\t\t\t\t\t<div class=\"counting\">\n\t\t\t\t\t\t\t\t\t\t\t\t\t\t\t<span>\/<\/span> <span class=\"count-text\" data-speed=\"3000\" data-stop=\"87\">0<\/span>\n\t\t\t\t\t\t\t\t\t\t\t\t\t\t\t<span class=\"percent\">%<\/span>\n\t\t\t\t\t\t\t\t\t\t\t\t\t\t<\/div>\n\t\t\t\t\t\t\t\t\t\t\t\t\t<\/div>\n\t\t\t\t\t\t\t\t\t\t\t\t<\/div>\n\t\t\t\t\t\t\t\t\t\t\t<\/div>\n\t\t\t\t\t\t\t\t\t\t<\/div>\n\t\t\t\t\t\t\t\t\t<\/div>\n\t\t\t\t\t\t\t\t\t\t\t\t\t\t\t\t\t\t<div class=\"col-xl-6 col-lg-6\">\n\t\t\t\t\t\t\t\t\t\t<div class=\"progress-levels style2\">\n\t\t\t\t\t\t\t\t\t\t\t<!--Skill Box-->\n\t\t\t\t\t\t\t\t\t\t\t<div class=\"progress-box wow\">\n\t\t\t\t\t\t\t\t\t\t\t\t<div class=\"inner count-box\">\n\t\t\t\t\t\t\t\t\t\t\t\t\t<div class=\"bar\">\n\t\t\t\t\t\t\t\t\t\t\t\t\t\t<div class=\"bar-innner\">\n\t\t\t\t\t\t\t\t\t\t\t\t\t\t\t<div class=\"bar-fill\" data-percent=\"75\" title=\"Book\"><\/div>\n\t\t\t\t\t\t\t\t\t\t\t\t\t\t<\/div>\n\t\t\t\t\t\t\t\t\t\t\t\t\t<\/div>\n\t\t\t\t\t\t\t\t\t\t\t\t\t<div class=\"skill-percent\">\n\t\t\t\t\t\t\t\t\t\t\t\t\t\t<div class=\"title\">\n\t\t\t\t\t\t\t\t\t\t\t\t\t\t\t<h6>Mantenimientos a Construcciones<\/h6>\n\t\t\t\t\t\t\t\t\t\t\t\t\t\t<\/div>\n\t\t\t\t\t\t\t\t\t\t\t\t\t\t<div class=\"counting\">\n\t\t\t\t\t\t\t\t\t\t\t\t\t\t\t<span>\/<\/span> <span class=\"count-text\" data-speed=\"3000\" data-stop=\"75\">0<\/span>\n\t\t\t\t\t\t\t\t\t\t\t\t\t\t\t<span class=\"percent\">%<\/span>\n\t\t\t\t\t\t\t\t\t\t\t\t\t\t<\/div>\n\t\t\t\t\t\t\t\t\t\t\t\t\t<\/div>\n\t\t\t\t\t\t\t\t\t\t\t\t<\/div>\n\t\t\t\t\t\t\t\t\t\t\t<\/div>\n\t\t\t\t\t\t\t\t\t\t<\/div>\n\t\t\t\t\t\t\t\t\t<\/div>\n\t\t\t\t\t\t\t\t\t\t\t\t\t\t\t\t\t<\/div>\n\t\t\t\t\t\t\t<\/div>\n\t\t\t\t\t\t<\/div>\n\t\t\t\t\t<\/div>\n\t\t\t\t<\/div>    \n\t\t\t<\/div>\n\t\t<\/section>\n            \n\t\t\t\t\t\t<\/div>\n\t\t\t\t<\/div>\n\t\t\t\t\t<\/div>\n\t\t<\/div>\n\t\t\t\t<div class=\"elementor-column elementor-col-50 elementor-top-column elementor-element elementor-element-444e11c\" data-id=\"444e11c\" data-element_type=\"column\" data-e-type=\"column\">\n\t\t\t<div class=\"elementor-widget-wrap elementor-element-populated\">\n\t\t\t\t\t\t<div class=\"elementor-element elementor-element-52114748 elementor-widget elementor-widget-xoven_h1_skill_left\" data-id=\"52114748\" data-element_type=\"widget\" data-e-type=\"widget\" data-widget_type=\"xoven_h1_skill_left.default\">\n\t\t\t\t<div class=\"elementor-widget-container\">\n\t\t\t\t\t\n\t\t<section class=\"skill-style1-area two pdtop120 details\">\n\t\t\t<div class=\"custom-container\">\n\t\t\t\t<div class=\"row\">\n\t\t\t\t\t<div class=\"col-xl-12\">\n\t\t\t\t\t\n\t\t\t\t\t\t<div data-animation-box class=\"skill-style1_image-box-outer\">\n\t\t\t\t\t\t\t\t\t\t\t\t\t\t<div data-animation-text class=\"overlay-anim-black-bg skill-style1_image-box\" data-animation=\"overlay-animation\" style=\"background-image: url(https:\/\/ingenieriaredco.com\/wp-content\/uploads\/2024\/12\/ingcivil02-e1734487937428.png);\">\n\t\t\t\t\t\t\t\t\t\t\t\t\t\t<\/div>  \n                            <div class=\"title\">\n                                <h4>ing.  Civil<\/h4>\n                            <\/div>\n                        <\/div>\n\t\t\t\t\t\t\n\t\t\t\t\t\t\n\t\t\t\t\t\t\n\t\t\t\t\t<\/div>\n\t\t\t\t<\/div>    \n\t\t\t<\/div>\n\t\t<\/section>\n            \n\t\t\t\t\t\t<\/div>\n\t\t\t\t<\/div>\n\t\t\t\t\t<\/div>\n\t\t<\/div>\n\t\t\t\t\t<\/div>\n\t\t<\/section>\n\t\t<div class=\"elementor-element elementor-element-f7e9e17 e-flex e-con-boxed e-con e-parent\" data-id=\"f7e9e17\" data-element_type=\"container\" data-e-type=\"container\">\n\t\t\t\t\t<div class=\"e-con-inner\">\n\t\t\t\t<div class=\"elementor-element elementor-element-12cf738 elementor-widget elementor-widget-wpsection_wps_gradient_heading\" data-id=\"12cf738\" data-element_type=\"widget\" data-e-type=\"widget\" data-widget_type=\"wpsection_wps_gradient_heading.default\">\n\t\t\t\t<div class=\"elementor-widget-container\">\n\t\t\t\t\t\n\n\n\n\n<h2 class=\"wpsection-gradient-heading\">\u00bfPor qu\u00e9 confiar en Nosotros?<\/h2>\n\n\n             \n\t\t\t\t\t\t<\/div>\n\t\t\t\t<\/div>\n\t\t\t\t\t<\/div>\n\t\t\t\t<\/div>\n\t\t<div class=\"elementor-element elementor-element-5f2a349 e-flex e-con-boxed e-con e-parent\" data-id=\"5f2a349\" data-element_type=\"container\" data-e-type=\"container\">\n\t\t\t\t\t<div class=\"e-con-inner\">\n\t\t\t\t<div class=\"elementor-element elementor-element-c4f2bde elementor-widget elementor-widget-n-accordion\" data-id=\"c4f2bde\" data-element_type=\"widget\" data-e-type=\"widget\" data-settings=\"{&quot;default_state&quot;:&quot;expanded&quot;,&quot;max_items_expended&quot;:&quot;one&quot;,&quot;n_accordion_animation_duration&quot;:{&quot;unit&quot;:&quot;ms&quot;,&quot;size&quot;:400,&quot;sizes&quot;:[]}}\" data-widget_type=\"nested-accordion.default\">\n\t\t\t\t<div class=\"elementor-widget-container\">\n\t\t\t\t\t\t\t<div class=\"e-n-accordion\" aria-label=\"Accordion. Open links with Enter or Space, close with Escape, and navigate with Arrow Keys\">\n\t\t\t\t\t\t<details id=\"e-n-accordion-item-2060\" class=\"e-n-accordion-item\" open>\n\t\t\t\t<summary class=\"e-n-accordion-item-title\" data-accordion-index=\"1\" tabindex=\"0\" aria-expanded=\"true\" aria-controls=\"e-n-accordion-item-2060\" >\n\t\t\t\t\t<span class='e-n-accordion-item-title-header'><span class=\"e-n-accordion-item-title-text\"> Trayectoria S\u00f3lida <\/span><\/span>\n\t\t\t\t\t\t\t<span class='e-n-accordion-item-title-icon'>\n\t\t\t<span class='e-opened' ><svg aria-hidden=\"true\" class=\"e-font-icon-svg e-fas-minus\" viewBox=\"0 0 448 512\" xmlns=\"http:\/\/www.w3.org\/2000\/svg\"><path d=\"M416 208H32c-17.67 0-32 14.33-32 32v32c0 17.67 14.33 32 32 32h384c17.67 0 32-14.33 32-32v-32c0-17.67-14.33-32-32-32z\"><\/path><\/svg><\/span>\n\t\t\t<span class='e-closed'><svg aria-hidden=\"true\" class=\"e-font-icon-svg e-fas-plus\" viewBox=\"0 0 448 512\" xmlns=\"http:\/\/www.w3.org\/2000\/svg\"><path d=\"M416 208H272V64c0-17.67-14.33-32-32-32h-32c-17.67 0-32 14.33-32 32v144H32c-17.67 0-32 14.33-32 32v32c0 17.67 14.33 32 32 32h144v144c0 17.67 14.33 32 32 32h32c17.67 0 32-14.33 32-32V304h144c17.67 0 32-14.33 32-32v-32c0-17.67-14.33-32-32-32z\"><\/path><\/svg><\/span>\n\t\t<\/span>\n\n\t\t\t\t\t\t<\/summary>\n\t\t\t\t<div role=\"region\" aria-labelledby=\"e-n-accordion-item-2060\" class=\"elementor-element elementor-element-2f828b6 e-con-full e-flex e-con e-child\" data-id=\"2f828b6\" data-element_type=\"container\" data-e-type=\"container\">\n\t\t\t\t<div class=\"elementor-element elementor-element-6d43d86 elementor-widget elementor-widget-text-editor\" data-id=\"6d43d86\" data-element_type=\"widget\" data-e-type=\"widget\" data-widget_type=\"text-editor.default\">\n\t\t\t\t<div class=\"elementor-widget-container\">\n\t\t\t\t\t\t\t\t\t<p>Con 6 a\u00f1os de experiencia, hemos participado en proyectos de gran impacto.<\/p>\t\t\t\t\t\t\t\t<\/div>\n\t\t\t\t<\/div>\n\t\t\t\t<\/div>\n\t\t\t\t\t<\/details>\n\t\t\t\t\t\t<details id=\"e-n-accordion-item-2061\" class=\"e-n-accordion-item\" >\n\t\t\t\t<summary class=\"e-n-accordion-item-title\" data-accordion-index=\"2\" tabindex=\"-1\" aria-expanded=\"false\" aria-controls=\"e-n-accordion-item-2061\" >\n\t\t\t\t\t<span class='e-n-accordion-item-title-header'><span class=\"e-n-accordion-item-title-text\"> Compromiso con la calidad <\/span><\/span>\n\t\t\t\t\t\t\t<span class='e-n-accordion-item-title-icon'>\n\t\t\t<span class='e-opened' ><svg aria-hidden=\"true\" class=\"e-font-icon-svg e-fas-minus\" viewBox=\"0 0 448 512\" xmlns=\"http:\/\/www.w3.org\/2000\/svg\"><path d=\"M416 208H32c-17.67 0-32 14.33-32 32v32c0 17.67 14.33 32 32 32h384c17.67 0 32-14.33 32-32v-32c0-17.67-14.33-32-32-32z\"><\/path><\/svg><\/span>\n\t\t\t<span class='e-closed'><svg aria-hidden=\"true\" class=\"e-font-icon-svg e-fas-plus\" viewBox=\"0 0 448 512\" xmlns=\"http:\/\/www.w3.org\/2000\/svg\"><path d=\"M416 208H272V64c0-17.67-14.33-32-32-32h-32c-17.67 0-32 14.33-32 32v144H32c-17.67 0-32 14.33-32 32v32c0 17.67 14.33 32 32 32h144v144c0 17.67 14.33 32 32 32h32c17.67 0 32-14.33 32-32V304h144c17.67 0 32-14.33 32-32v-32c0-17.67-14.33-32-32-32z\"><\/path><\/svg><\/span>\n\t\t<\/span>\n\n\t\t\t\t\t\t<\/summary>\n\t\t\t\t<div role=\"region\" aria-labelledby=\"e-n-accordion-item-2061\" class=\"elementor-element elementor-element-4c69c34 e-con-full e-flex e-con e-child\" data-id=\"4c69c34\" data-element_type=\"container\" data-e-type=\"container\">\n\t\t\t\t<div class=\"elementor-element elementor-element-0696c42 elementor-widget elementor-widget-text-editor\" data-id=\"0696c42\" data-element_type=\"widget\" data-e-type=\"widget\" data-widget_type=\"text-editor.default\">\n\t\t\t\t<div class=\"elementor-widget-container\">\n\t\t\t\t\t\t\t\t\t<p>Cada obra refleja nuestra dedicaci\u00f3n al detalle y al cumplimiento de normas t\u00e9cnicas.<\/p>\t\t\t\t\t\t\t\t<\/div>\n\t\t\t\t<\/div>\n\t\t\t\t<\/div>\n\t\t\t\t\t<\/details>\n\t\t\t\t\t\t<details id=\"e-n-accordion-item-2062\" class=\"e-n-accordion-item\" >\n\t\t\t\t<summary class=\"e-n-accordion-item-title\" data-accordion-index=\"3\" tabindex=\"-1\" aria-expanded=\"false\" aria-controls=\"e-n-accordion-item-2062\" >\n\t\t\t\t\t<span class='e-n-accordion-item-title-header'><span class=\"e-n-accordion-item-title-text\"> Soluciones sostenibles <\/span><\/span>\n\t\t\t\t\t\t\t<span class='e-n-accordion-item-title-icon'>\n\t\t\t<span class='e-opened' ><svg aria-hidden=\"true\" class=\"e-font-icon-svg e-fas-minus\" viewBox=\"0 0 448 512\" xmlns=\"http:\/\/www.w3.org\/2000\/svg\"><path d=\"M416 208H32c-17.67 0-32 14.33-32 32v32c0 17.67 14.33 32 32 32h384c17.67 0 32-14.33 32-32v-32c0-17.67-14.33-32-32-32z\"><\/path><\/svg><\/span>\n\t\t\t<span class='e-closed'><svg aria-hidden=\"true\" class=\"e-font-icon-svg e-fas-plus\" viewBox=\"0 0 448 512\" xmlns=\"http:\/\/www.w3.org\/2000\/svg\"><path d=\"M416 208H272V64c0-17.67-14.33-32-32-32h-32c-17.67 0-32 14.33-32 32v144H32c-17.67 0-32 14.33-32 32v32c0 17.67 14.33 32 32 32h144v144c0 17.67 14.33 32 32 32h32c17.67 0 32-14.33 32-32V304h144c17.67 0 32-14.33 32-32v-32c0-17.67-14.33-32-32-32z\"><\/path><\/svg><\/span>\n\t\t<\/span>\n\n\t\t\t\t\t\t<\/summary>\n\t\t\t\t<div role=\"region\" aria-labelledby=\"e-n-accordion-item-2062\" class=\"elementor-element elementor-element-6dcec61 e-con-full e-flex e-con e-child\" data-id=\"6dcec61\" data-element_type=\"container\" data-e-type=\"container\">\n\t\t\t\t<div class=\"elementor-element elementor-element-a4d1c2f elementor-widget elementor-widget-text-editor\" data-id=\"a4d1c2f\" data-element_type=\"widget\" data-e-type=\"widget\" data-widget_type=\"text-editor.default\">\n\t\t\t\t<div class=\"elementor-widget-container\">\n\t\t\t\t\t\t\t\t\t<p>Dise\u00f1amos pensando en el medio ambiente, reduciendo el impacto ecol\u00f3gico.<\/p>\t\t\t\t\t\t\t\t<\/div>\n\t\t\t\t<\/div>\n\t\t\t\t<\/div>\n\t\t\t\t\t<\/details>\n\t\t\t\t\t\t<details id=\"e-n-accordion-item-2063\" class=\"e-n-accordion-item\" >\n\t\t\t\t<summary class=\"e-n-accordion-item-title\" data-accordion-index=\"4\" tabindex=\"-1\" aria-expanded=\"false\" aria-controls=\"e-n-accordion-item-2063\" >\n\t\t\t\t\t<span class='e-n-accordion-item-title-header'><span class=\"e-n-accordion-item-title-text\"> Equipo multidisciplinario <\/span><\/span>\n\t\t\t\t\t\t\t<span class='e-n-accordion-item-title-icon'>\n\t\t\t<span class='e-opened' ><svg aria-hidden=\"true\" class=\"e-font-icon-svg e-fas-minus\" viewBox=\"0 0 448 512\" xmlns=\"http:\/\/www.w3.org\/2000\/svg\"><path d=\"M416 208H32c-17.67 0-32 14.33-32 32v32c0 17.67 14.33 32 32 32h384c17.67 0 32-14.33 32-32v-32c0-17.67-14.33-32-32-32z\"><\/path><\/svg><\/span>\n\t\t\t<span class='e-closed'><svg aria-hidden=\"true\" class=\"e-font-icon-svg e-fas-plus\" viewBox=\"0 0 448 512\" xmlns=\"http:\/\/www.w3.org\/2000\/svg\"><path d=\"M416 208H272V64c0-17.67-14.33-32-32-32h-32c-17.67 0-32 14.33-32 32v144H32c-17.67 0-32 14.33-32 32v32c0 17.67 14.33 32 32 32h144v144c0 17.67 14.33 32 32 32h32c17.67 0 32-14.33 32-32V304h144c17.67 0 32-14.33 32-32v-32c0-17.67-14.33-32-32-32z\"><\/path><\/svg><\/span>\n\t\t<\/span>\n\n\t\t\t\t\t\t<\/summary>\n\t\t\t\t<div role=\"region\" aria-labelledby=\"e-n-accordion-item-2063\" class=\"elementor-element elementor-element-80552ae e-flex e-con-boxed e-con e-child\" data-id=\"80552ae\" data-element_type=\"container\" data-e-type=\"container\">\n\t\t\t\t\t<div class=\"e-con-inner\">\n\t\t\t\t<div class=\"elementor-element elementor-element-30beef9 elementor-widget elementor-widget-text-editor\" data-id=\"30beef9\" data-element_type=\"widget\" data-e-type=\"widget\" data-widget_type=\"text-editor.default\">\n\t\t\t\t<div class=\"elementor-widget-container\">\n\t\t\t\t\t\t\t\t\t<p>Contamos con especialistas en todas las \u00e1reas clave de la ingenier\u00eda civil.<\/p>\t\t\t\t\t\t\t\t<\/div>\n\t\t\t\t<\/div>\n\t\t\t\t\t<\/div>\n\t\t\t\t<\/div>\n\t\t\t\t\t<\/details>\n\t\t\t\t\t<\/div>\n\t\t\t\t\t\t<\/div>\n\t\t\t\t<\/div>\n\t\t\t\t\t<\/div>\n\t\t\t\t<\/div>\n\t\t<div class=\"elementor-element elementor-element-f444221 e-flex e-con-boxed e-con e-parent\" data-id=\"f444221\" data-element_type=\"container\" data-e-type=\"container\">\n\t\t\t\t\t<div class=\"e-con-inner\">\n\t\t\t\t<div class=\"elementor-element elementor-element-aac786d elementor-widget elementor-widget-image\" data-id=\"aac786d\" data-element_type=\"widget\" data-e-type=\"widget\" data-widget_type=\"image.default\">\n\t\t\t\t<div class=\"elementor-widget-container\">\n\t\t\t\t\t\t\t\t\t\t\t\t\t\t\t<img fetchpriority=\"high\" decoding=\"async\" width=\"2169\" height=\"682\" src=\"https:\/\/ingenieriaredco.com\/wp-content\/uploads\/2024\/12\/banercivilfinal.png\" class=\"attachment-full size-full wp-image-1719\" alt=\"\" srcset=\"https:\/\/ingenieriaredco.com\/wp-content\/uploads\/2024\/12\/banercivilfinal.png 2169w, https:\/\/ingenieriaredco.com\/wp-content\/uploads\/2024\/12\/banercivilfinal-300x94.png 300w, https:\/\/ingenieriaredco.com\/wp-content\/uploads\/2024\/12\/banercivilfinal-1024x322.png 1024w, https:\/\/ingenieriaredco.com\/wp-content\/uploads\/2024\/12\/banercivilfinal-768x241.png 768w, https:\/\/ingenieriaredco.com\/wp-content\/uploads\/2024\/12\/banercivilfinal-1536x483.png 1536w, https:\/\/ingenieriaredco.com\/wp-content\/uploads\/2024\/12\/banercivilfinal-2048x644.png 2048w\" sizes=\"(max-width: 2169px) 100vw, 2169px\" \/>\t\t\t\t\t\t\t\t\t\t\t\t\t\t\t<\/div>\n\t\t\t\t<\/div>\n\t\t\t\t\t<\/div>\n\t\t\t\t<\/div>\n\t\t\t\t<\/div>\n\t\t","protected":false},"excerpt":{"rendered":"<p>Dise\u00f1o, instalacion y mantenimiento Construir el futuro requiere visi\u00f3n, precisi\u00f3n y experiencia. En INGENIERIA REDCO, somos especialistas en ingenier\u00eda civil, ofreciendo soluciones integrales que combinan innovaci\u00f3n y funcionalidad para dar vida a proyectos que transforman espacios y mejoran comunidades. Dise\u00f1amos tu visi\u00f3n El dise\u00f1o es el primer paso para materializar cualquier obra civil. Nuestro equipo [&hellip;]<\/p>\n","protected":false},"author":1,"featured_media":0,"parent":0,"menu_order":0,"comment_status":"closed","ping_status":"closed","template":"tpl-default-elementor.php","meta":{"footnotes":""},"class_list":["post-419","page","type-page","status-publish","hentry"],"_links":{"self":[{"href":"https:\/\/ingenieriaredco.com\/index.php\/wp-json\/wp\/v2\/pages\/419","targetHints":{"allow":["GET"]}}],"collection":[{"href":"https:\/\/ingenieriaredco.com\/index.php\/wp-json\/wp\/v2\/pages"}],"about":[{"href":"https:\/\/ingenieriaredco.com\/index.php\/wp-json\/wp\/v2\/types\/page"}],"author":[{"embeddable":true,"href":"https:\/\/ingenieriaredco.com\/index.php\/wp-json\/wp\/v2\/users\/1"}],"replies":[{"embeddable":true,"href":"https:\/\/ingenieriaredco.com\/index.php\/wp-json\/wp\/v2\/comments?post=419"}],"version-history":[{"count":93,"href":"https:\/\/ingenieriaredco.com\/index.php\/wp-json\/wp\/v2\/pages\/419\/revisions"}],"predecessor-version":[{"id":1728,"href":"https:\/\/ingenieriaredco.com\/index.php\/wp-json\/wp\/v2\/pages\/419\/revisions\/1728"}],"wp:attachment":[{"href":"https:\/\/ingenieriaredco.com\/index.php\/wp-json\/wp\/v2\/media?parent=419"}],"curies":[{"name":"wp","href":"https:\/\/api.w.org\/{rel}","templated":true}]}}