{"id":417,"date":"2021-07-19T08:20:29","date_gmt":"2021-07-19T08:20:29","guid":{"rendered":"http:\/\/z.commonsupport.com\/xoven\/?page_id=417"},"modified":"2025-06-05T07:58:28","modified_gmt":"2025-06-05T12:58:28","slug":"nosotros","status":"publish","type":"page","link":"https:\/\/ingenieriaredco.com\/index.php\/nosotros\/","title":{"rendered":"Nosotros"},"content":{"rendered":"\t\t<div data-elementor-type=\"wp-page\" data-elementor-id=\"417\" class=\"elementor elementor-417\">\n\t\t\t\t\t\t<section class=\"elementor-section elementor-top-section elementor-element elementor-element-a26098e elementor-section-full_width elementor-section-height-default elementor-section-height-default\" data-id=\"a26098e\" data-element_type=\"section\" data-e-type=\"section\">\n\t\t\t\t\t\t<div class=\"elementor-container elementor-column-gap-no\">\n\t\t\t\t\t<div class=\"elementor-column elementor-col-100 elementor-top-column elementor-element elementor-element-a48c8d5\" data-id=\"a48c8d5\" data-element_type=\"column\" data-e-type=\"column\">\n\t\t\t<div class=\"elementor-widget-wrap elementor-element-populated\">\n\t\t\t\t\t\t<div class=\"elementor-element elementor-element-7844bef elementor-widget elementor-widget-xoven_h1_about_title\" data-id=\"7844bef\" data-element_type=\"widget\" data-e-type=\"widget\" data-widget_type=\"xoven_h1_about_title.default\">\n\t\t\t\t<div class=\"elementor-widget-container\">\n\t\t\t\t\t\n\t\t<section class=\"about-style1-area one\">\n\t\t\t<div class=\"container\">\n\t\t\t\t\t\t\t\t<div class=\"sec-title text-center\">\n\t\t\t\t\t<div class=\"sub-title\">\n\t\t\t\t\t\t<h3>en ingenier\u00eda redco<\/h3>\n\t\t\t\t\t<\/div>\n\t\t\t\t\t<h2>estamos orgullosos de contribuir con nuestra experiencia y la de nuestros profesionales, para la ejecuci\u00f3n y operaci\u00f3n de cada uno de los proyectos de ingenier\u00eda, de manera exitosa<\/h2>\n\t\t\t\t<\/div>\n\t\t\t\t\t\t\t<\/div>\n\t\t<\/section>\n            \n\t\t\t\t\t\t<\/div>\n\t\t\t\t<\/div>\n\t\t\t\t\t<\/div>\n\t\t<\/div>\n\t\t\t\t\t<\/div>\n\t\t<\/section>\n\t\t\t\t<section class=\"elementor-section elementor-top-section elementor-element elementor-element-ec51d92 elementor-section-boxed elementor-section-height-default elementor-section-height-default\" data-id=\"ec51d92\" data-element_type=\"section\" data-e-type=\"section\" data-settings=\"{&quot;background_background&quot;:&quot;classic&quot;}\">\n\t\t\t\t\t\t<div class=\"elementor-container elementor-column-gap-no\">\n\t\t\t\t\t<div class=\"elementor-column elementor-col-50 elementor-top-column elementor-element elementor-element-2eb19f8\" data-id=\"2eb19f8\" data-element_type=\"column\" data-e-type=\"column\">\n\t\t\t<div class=\"elementor-widget-wrap elementor-element-populated\">\n\t\t\t\t\t\t<div class=\"elementor-element elementor-element-b8808af elementor-widget__width-auto elementor-widget elementor-widget-xoven_h1_about_left\" data-id=\"b8808af\" data-element_type=\"widget\" data-e-type=\"widget\" data-widget_type=\"xoven_h1_about_left.default\">\n\t\t\t\t<div class=\"elementor-widget-container\">\n\t\t\t\t\t\n\t\t<section class=\"about-style1-area two\">\n\t\t\t<div class=\"container\">\n\t\t\t\t<div class=\"row\">\n\t\t\t\t\t<div class=\"col-xl-12\">\n\t\t\t\t\t\t<div class=\"about-style1_image-box clearfix\">\n\t\t\t\t\t\t\t<div class=\"shape\">\n\t\t\t\t\t\t\t\t   \n\t\t\t\t\t\t\t\t<img decoding=\"async\" class=\"zoom-fade\" src=\"https:\/\/ingenieriaredco.com\/wp-content\/uploads\/2024\/10\/bandanosoros1.png\" alt=\"\"\/>\n\t\t\t\t\t\t\t\t\t\t\t\t\t\t\t<\/div>\n\t\t\t\t\t\t\t<div class=\"inner-caption\"><h3>15 a\u00f1os en colombia<\/h3><\/div>\n\t\t\t\t\t\t\t<div class=\"image-box left\">\n\t\t\t\t\t\t\t\t<div class=\"single-box image-box1\">\n\t\t\t\t\t\t\t\t\t<div class=\"inner\">\n\t\t\t\t\t\t\t\t\t\t   \n\t\t\t\t\t\t\t\t\t\t<img decoding=\"async\" src=\"https:\/\/ingenieriaredco.com\/wp-content\/uploads\/2024\/11\/nosotrostodos2.jpg\" alt=\"\"\/>\n\t\t\t\t\t\t\t\t\t\t\t\t\t\t\t\t\t\t\t<\/div>\n\t\t\t\t\t\t\t\t<\/div> \n\t\t\t\t\t\t\t\t<a class=\"video-popup xoven-video-galler-1\" title=\"Xoven Video Gallery\" href=\"https:\/\/www.youtube.com\/watch?v=OwcdwSt84Rc\">\n\t\t\t\t\t\t\t\t\t<span class=\"flaticon-play-button-2 playicon\"><\/span>\n\t\t\t\t\t\t\t\t<\/a>\n\t\t\t\t\t\t\t<\/div>\n\t\t\t\t\t\t\t<div class=\"image-box right\">\n\t\t\t\t\t\t\t\t<div class=\"single-box image-box2\">\n\t\t\t\t\t\t\t\t\t<div class=\"inner\">\n\t\t\t\t\t\t\t\t\t\t\t\t\t\t\t\t\t\t\t\t<div class=\"noimage\"><\/div>\n\t\t\t\t\t\t\t\t\t\t\t\t\t\t\t\t\t\t\t<\/div>\n\t\t\t\t\t\t\t\t<\/div>\n\t\t\t\t\t\t\t\t<div class=\"single-box image-box3\">\n\t\t\t\t\t\t\t\t\t<div class=\"inner\">\n\t\t\t\t\t\t\t\t\t\t   \n\t\t\t\t\t\t\t\t\t\t<img decoding=\"async\" src=\"https:\/\/ingenieriaredco.com\/wp-content\/uploads\/2024\/10\/todos2.png\" alt=\"\"\/>\n\t\t\t\t\t\t\t\t\t\t\t\t\t\t\t\t\t\t\t<\/div>\n\t\t\t\t\t\t\t\t<\/div>       \n\t\t\t\t\t\t\t<\/div>   \n\t\t\t\t\t\t<\/div>\n\t\t\t\t\t<\/div>\n\t\t\t\t<\/div>\n\t\t\t<\/div>\n\t\t<\/section>\n            \n\t\t\t\t\t\t<\/div>\n\t\t\t\t<\/div>\n\t\t\t\t\t<\/div>\n\t\t<\/div>\n\t\t\t\t<div class=\"elementor-column elementor-col-50 elementor-top-column elementor-element elementor-element-f9eb08d\" data-id=\"f9eb08d\" data-element_type=\"column\" data-e-type=\"column\">\n\t\t\t<div class=\"elementor-widget-wrap elementor-element-populated\">\n\t\t\t\t\t\t<div class=\"elementor-element elementor-element-5d50903 elementor-widget elementor-widget-xoven_h1_about_right\" data-id=\"5d50903\" data-element_type=\"widget\" data-e-type=\"widget\" data-widget_type=\"xoven_h1_about_right.default\">\n\t\t\t\t<div class=\"elementor-widget-container\">\n\t\t\t\t\t\n\t\t<section class=\"about-style1-area three\">\n\t\t\t<div class=\"container\">\n\t\t\t\t<div class=\"row\">\n\t\t\t\t\t<div class=\"col-xl-12\">\n\t\t\t\t\t\t<div class=\"about-style1_content-box\">\n\t\t\t\t\t\t\t<h2>Nuestra experiencia habla por nosotros!<\/h2>\n\t\t\t\t\t\t\t<h3>\u201cSatisfacer las necesidades  de nuestros clientes proyectando su crecimiento, siempre ser\u00e1 el primer paso y secreto del \u00e9xito.\u201d<\/h3>\n\t\t\t\t\t\t\t<div class=\"text\">\n\t\t\t\t\t\t\t\t<p>Somos una empresa dedicada a ofrecer soluciones integrales en Ingenier\u00eda Civil, El\u00e9ctrica, Telecomunicaciones y Electr\u00f3nica, para el sector p\u00fablico y privado; cuenta con m\u00e1s de 15 a\u00f1os de experiencia en el mercado nacional, enfocada a garantizar la satisfacci\u00f3n del cliente atraves de buenas pr\u00e1cticas de la ingenier\u00eda, bajo unas pol\u00edticas de responsabilidad social y sostenibilidad ambiental.<\/p>\n\t\t\t\t\t\t\t<\/div>\n\t\t\t\t\t\t\t<div class=\"about-style1_bottom-box\">\n\t\t\t\t\t\t\t\t<div class=\"about-style1-user-box\">\n\t\t\t\t\t\t\t\t\t<div class=\"single-box\">\n\t\t\t\t\t\t\t\t\t\t\t\t\t\t\t\t\t\t\t\t<div class=\"noimage\"><\/div>\n\t\t\t\t\t\t\t\t\t\t\t\t\t\t\t\t\t\t\t<\/div> \n\t\t\t\t\t\t\t\t\t<div class=\"single-box two\">\n\t\t\t\t\t\t\t\t\t\t   \n\t\t\t\t\t\t\t\t\t\t<img decoding=\"async\" src=\"https:\/\/ingenieriaredco.com\/wp-content\/uploads\/2024\/11\/bola1.jpg\" alt=\"\"\/>\n\t\t\t\t\t\t\t\t\t\t\t\t\t\t\t\t\t\t\t<\/div>   \n\t\t\t\t\t\t\t\t\t<div class=\"single-box three\">\n\t\t\t\t\t\t\t\t\t\t   \n\t\t\t\t\t\t\t\t\t\t<img decoding=\"async\" src=\"https:\/\/ingenieriaredco.com\/wp-content\/uploads\/2024\/11\/bola2.jpg\" alt=\"\"\/>\n\t\t\t\t\t\t\t\t\t\t\t\t\t\t\t\t\t\t\t<\/div>   \n\t\t\t\t\t\t\t\t\t<div class=\"single-box four\">\n\t\t\t\t\t\t\t\t\t\t   \n\t\t\t\t\t\t\t\t\t\t<img decoding=\"async\" src=\"https:\/\/ingenieriaredco.com\/wp-content\/uploads\/2024\/11\/bola3.jpg\" alt=\"\"\/>\n\t\t\t\t\t\t\t\t\t\t\t\t\t\t\t\t\t\t\t<\/div>   \n\t\t\t\t\t\t\t\t\t<div class=\"single-box five\">\n\t\t\t\t\t\t\t\t\t\t   \n\t\t\t\t\t\t\t\t\t\t<img decoding=\"async\" src=\"https:\/\/ingenieriaredco.com\/wp-content\/uploads\/2024\/11\/logonosotrospeq.jpg\" alt=\"\"\/>\n\t\t\t\t\t\t\t\t\t\t\t\t\t\t\t\t\t\t\t<\/div>      \n\t\t\t\t\t\t\t\t<\/div> \n\t\t\t\t\t\t\t\t<div class=\"about-style1_user-name\">\n\t\t\t\t\t\t\t\t\t<h3>Ingenier\u00eda Redco<\/h3>\n\t\t\t\t\t\t\t\t\t<p>Soluciones integrales en ingenier\u00eda<\/p>\n\t\t\t\t\t\t\t\t<\/div>\n\t\t\t\t\t\t\t<\/div>   \n\t\t\t\t\t\t<\/div>\n\t\t\t\t\t<\/div>\n\t\t\t\t<\/div>\n\t\t\t<\/div>\n\t\t<\/section>\n            \n\t\t\t\t\t\t<\/div>\n\t\t\t\t<\/div>\n\t\t\t\t\t<\/div>\n\t\t<\/div>\n\t\t\t\t\t<\/div>\n\t\t<\/section>\n\t\t\t\t<section class=\"elementor-section elementor-top-section elementor-element elementor-element-5b7ed72 elementor-section-boxed elementor-section-height-default elementor-section-height-default\" data-id=\"5b7ed72\" data-element_type=\"section\" data-e-type=\"section\" data-settings=\"{&quot;background_background&quot;:&quot;classic&quot;}\">\n\t\t\t\t\t\t<div class=\"elementor-container elementor-column-gap-default\">\n\t\t\t\t\t<div class=\"elementor-column elementor-col-50 elementor-top-column elementor-element elementor-element-37b7189\" data-id=\"37b7189\" data-element_type=\"column\" data-e-type=\"column\">\n\t\t\t<div class=\"elementor-widget-wrap elementor-element-populated\">\n\t\t\t\t\t\t<div class=\"elementor-element elementor-element-cf4845f elementor-widget elementor-widget-xoven_h1_about_right\" data-id=\"cf4845f\" data-element_type=\"widget\" data-e-type=\"widget\" data-widget_type=\"xoven_h1_about_right.default\">\n\t\t\t\t<div class=\"elementor-widget-container\">\n\t\t\t\t\t\n\t\t<section class=\"about-style1-area three\">\n\t\t\t<div class=\"container\">\n\t\t\t\t<div class=\"row\">\n\t\t\t\t\t<div class=\"col-xl-12\">\n\t\t\t\t\t\t<div class=\"about-style1_content-box\">\n\t\t\t\t\t\t\t<h2>Nuestra Misi\u00f3n Corporativa<\/h2>\n\t\t\t\t\t\t\t<h3>\u201c\u00bfCu\u00e1l es nuestro prop\u00f3sito?\u201d<\/h3>\n\t\t\t\t\t\t\t<div class=\"text\">\n\t\t\t\t\t\t\t\t<p>Ofrecer soluciones integrales de ingenier\u00eda que se distingan por su innovaci\u00f3n, sostenibilidad y alta calidad, contribuyendo al desarrollo\nde infraestructuras seguras y eficientes que mejoren la calidad de vida de las comunidades y potencien el crecimiento de nuestros clientes.<\/p>\n\t\t\t\t\t\t\t<\/div>\n\t\t\t\t\t\t\t<div class=\"about-style1_bottom-box\">\n\t\t\t\t\t\t\t\t<div class=\"about-style1-user-box\">\n\t\t\t\t\t\t\t\t\t<div class=\"single-box\">\n\t\t\t\t\t\t\t\t\t\t\t\t\t\t\t\t\t\t\t\t<div class=\"noimage\"><\/div>\n\t\t\t\t\t\t\t\t\t\t\t\t\t\t\t\t\t\t\t<\/div> \n\t\t\t\t\t\t\t\t\t<div class=\"single-box two\">\n\t\t\t\t\t\t\t\t\t\t   \n\t\t\t\t\t\t\t\t\t\t<img decoding=\"async\" src=\"https:\/\/ingenieriaredco.com\/wp-content\/uploads\/2024\/11\/bola1.jpg\" alt=\"\"\/>\n\t\t\t\t\t\t\t\t\t\t\t\t\t\t\t\t\t\t\t<\/div>   \n\t\t\t\t\t\t\t\t\t<div class=\"single-box three\">\n\t\t\t\t\t\t\t\t\t\t   \n\t\t\t\t\t\t\t\t\t\t<img decoding=\"async\" src=\"https:\/\/ingenieriaredco.com\/wp-content\/uploads\/2024\/11\/bola2.jpg\" alt=\"\"\/>\n\t\t\t\t\t\t\t\t\t\t\t\t\t\t\t\t\t\t\t<\/div>   \n\t\t\t\t\t\t\t\t\t<div class=\"single-box four\">\n\t\t\t\t\t\t\t\t\t\t   \n\t\t\t\t\t\t\t\t\t\t<img decoding=\"async\" src=\"https:\/\/ingenieriaredco.com\/wp-content\/uploads\/2024\/11\/bola3.jpg\" alt=\"\"\/>\n\t\t\t\t\t\t\t\t\t\t\t\t\t\t\t\t\t\t\t<\/div>   \n\t\t\t\t\t\t\t\t\t<div class=\"single-box five\">\n\t\t\t\t\t\t\t\t\t\t   \n\t\t\t\t\t\t\t\t\t\t<img decoding=\"async\" src=\"https:\/\/ingenieriaredco.com\/wp-content\/uploads\/2024\/11\/logonosotrospeq.jpg\" alt=\"\"\/>\n\t\t\t\t\t\t\t\t\t\t\t\t\t\t\t\t\t\t\t<\/div>      \n\t\t\t\t\t\t\t\t<\/div> \n\t\t\t\t\t\t\t\t<div class=\"about-style1_user-name\">\n\t\t\t\t\t\t\t\t\t<h3>\"Innovando para construir un futuro mejor, siempre con la calidad como bandera.\"<\/h3>\n\t\t\t\t\t\t\t\t\t<p><\/p>\n\t\t\t\t\t\t\t\t<\/div>\n\t\t\t\t\t\t\t<\/div>   \n\t\t\t\t\t\t<\/div>\n\t\t\t\t\t<\/div>\n\t\t\t\t<\/div>\n\t\t\t<\/div>\n\t\t<\/section>\n            \n\t\t\t\t\t\t<\/div>\n\t\t\t\t<\/div>\n\t\t\t\t\t<\/div>\n\t\t<\/div>\n\t\t\t\t<div class=\"elementor-column elementor-col-50 elementor-top-column elementor-element elementor-element-a94fca0\" data-id=\"a94fca0\" data-element_type=\"column\" data-e-type=\"column\">\n\t\t\t<div class=\"elementor-widget-wrap elementor-element-populated\">\n\t\t\t\t\t\t<div class=\"elementor-element elementor-element-86fdc62 elementor-widget elementor-widget-spacer\" data-id=\"86fdc62\" data-element_type=\"widget\" data-e-type=\"widget\" data-widget_type=\"spacer.default\">\n\t\t\t\t<div class=\"elementor-widget-container\">\n\t\t\t\t\t\t\t<div class=\"elementor-spacer\">\n\t\t\t<div class=\"elementor-spacer-inner\"><\/div>\n\t\t<\/div>\n\t\t\t\t\t\t<\/div>\n\t\t\t\t<\/div>\n\t\t\t\t<div class=\"elementor-element elementor-element-617d7e3 elementor-widget elementor-widget-image\" data-id=\"617d7e3\" data-element_type=\"widget\" data-e-type=\"widget\" data-widget_type=\"image.default\">\n\t\t\t\t<div class=\"elementor-widget-container\">\n\t\t\t\t\t\t\t\t\t\t\t\t\t\t\t<img fetchpriority=\"high\" decoding=\"async\" width=\"525\" height=\"350\" src=\"https:\/\/ingenieriaredco.com\/wp-content\/uploads\/2024\/11\/misioncorporativa-1024x683.jpg\" class=\"attachment-large size-large wp-image-1484\" alt=\"\" srcset=\"https:\/\/ingenieriaredco.com\/wp-content\/uploads\/2024\/11\/misioncorporativa-1024x683.jpg 1024w, https:\/\/ingenieriaredco.com\/wp-content\/uploads\/2024\/11\/misioncorporativa-300x200.jpg 300w, https:\/\/ingenieriaredco.com\/wp-content\/uploads\/2024\/11\/misioncorporativa-768x512.jpg 768w, https:\/\/ingenieriaredco.com\/wp-content\/uploads\/2024\/11\/misioncorporativa-1536x1024.jpg 1536w, https:\/\/ingenieriaredco.com\/wp-content\/uploads\/2024\/11\/misioncorporativa-2048x1366.jpg 2048w\" sizes=\"(max-width: 525px) 100vw, 525px\" \/>\t\t\t\t\t\t\t\t\t\t\t\t\t\t\t<\/div>\n\t\t\t\t<\/div>\n\t\t\t\t\t<\/div>\n\t\t<\/div>\n\t\t\t\t\t<\/div>\n\t\t<\/section>\n\t\t\t\t<section class=\"elementor-section elementor-top-section elementor-element elementor-element-933ef47 elementor-section-boxed elementor-section-height-default elementor-section-height-default\" data-id=\"933ef47\" data-element_type=\"section\" data-e-type=\"section\" data-settings=\"{&quot;background_background&quot;:&quot;classic&quot;}\">\n\t\t\t\t\t\t<div class=\"elementor-container elementor-column-gap-default\">\n\t\t\t\t\t<div class=\"elementor-column elementor-col-50 elementor-top-column elementor-element elementor-element-6b510c2\" data-id=\"6b510c2\" data-element_type=\"column\" data-e-type=\"column\">\n\t\t\t<div class=\"elementor-widget-wrap elementor-element-populated\">\n\t\t\t\t\t\t<div class=\"elementor-element elementor-element-41e67ef elementor-widget elementor-widget-spacer\" data-id=\"41e67ef\" data-element_type=\"widget\" data-e-type=\"widget\" data-widget_type=\"spacer.default\">\n\t\t\t\t<div class=\"elementor-widget-container\">\n\t\t\t\t\t\t\t<div class=\"elementor-spacer\">\n\t\t\t<div class=\"elementor-spacer-inner\"><\/div>\n\t\t<\/div>\n\t\t\t\t\t\t<\/div>\n\t\t\t\t<\/div>\n\t\t\t\t<div class=\"elementor-element elementor-element-51edeaf elementor-widget elementor-widget-image\" data-id=\"51edeaf\" data-element_type=\"widget\" data-e-type=\"widget\" data-widget_type=\"image.default\">\n\t\t\t\t<div class=\"elementor-widget-container\">\n\t\t\t\t\t\t\t\t\t\t\t\t\t\t\t<img decoding=\"async\" width=\"525\" height=\"358\" src=\"https:\/\/ingenieriaredco.com\/wp-content\/uploads\/2024\/11\/goals-target-aspiration-perforated-paper-bullseye-1024x699.jpg\" class=\"attachment-large size-large wp-image-1510\" alt=\"\" srcset=\"https:\/\/ingenieriaredco.com\/wp-content\/uploads\/2024\/11\/goals-target-aspiration-perforated-paper-bullseye-1024x699.jpg 1024w, https:\/\/ingenieriaredco.com\/wp-content\/uploads\/2024\/11\/goals-target-aspiration-perforated-paper-bullseye-300x205.jpg 300w, https:\/\/ingenieriaredco.com\/wp-content\/uploads\/2024\/11\/goals-target-aspiration-perforated-paper-bullseye-768x525.jpg 768w, https:\/\/ingenieriaredco.com\/wp-content\/uploads\/2024\/11\/goals-target-aspiration-perforated-paper-bullseye-1536x1049.jpg 1536w, https:\/\/ingenieriaredco.com\/wp-content\/uploads\/2024\/11\/goals-target-aspiration-perforated-paper-bullseye-2048x1399.jpg 2048w\" sizes=\"(max-width: 525px) 100vw, 525px\" \/>\t\t\t\t\t\t\t\t\t\t\t\t\t\t\t<\/div>\n\t\t\t\t<\/div>\n\t\t\t\t\t<\/div>\n\t\t<\/div>\n\t\t\t\t<div class=\"elementor-column elementor-col-50 elementor-top-column elementor-element elementor-element-f928e28\" data-id=\"f928e28\" data-element_type=\"column\" data-e-type=\"column\">\n\t\t\t<div class=\"elementor-widget-wrap elementor-element-populated\">\n\t\t\t\t\t\t<div class=\"elementor-element elementor-element-d110ca5 elementor-widget elementor-widget-xoven_h1_about_right\" data-id=\"d110ca5\" data-element_type=\"widget\" data-e-type=\"widget\" data-widget_type=\"xoven_h1_about_right.default\">\n\t\t\t\t<div class=\"elementor-widget-container\">\n\t\t\t\t\t\n\t\t<section class=\"about-style1-area three\">\n\t\t\t<div class=\"container\">\n\t\t\t\t<div class=\"row\">\n\t\t\t\t\t<div class=\"col-xl-12\">\n\t\t\t\t\t\t<div class=\"about-style1_content-box\">\n\t\t\t\t\t\t\t<h2>Nuestra Visi\u00f3n Corporativa<\/h2>\n\t\t\t\t\t\t\t<h3>Impulsados por nuestra misi\u00f3n, construimos nuestro futuro.<\/h3>\n\t\t\t\t\t\t\t<div class=\"text\">\n\t\t\t\t\t\t\t\t<p>En el 2030 INGENIERIA REDCO S.A.S ser\u00e1 reconocida a nivel nacional por su experiencia, liderazgo y confiabilidad en la prestaci\u00f3n de servicios integrales de ingenier\u00eda.<\/p>\n\t\t\t\t\t\t\t<\/div>\n\t\t\t\t\t\t\t<div class=\"about-style1_bottom-box\">\n\t\t\t\t\t\t\t\t<div class=\"about-style1-user-box\">\n\t\t\t\t\t\t\t\t\t<div class=\"single-box\">\n\t\t\t\t\t\t\t\t\t\t\t\t\t\t\t\t\t\t\t\t<div class=\"noimage\"><\/div>\n\t\t\t\t\t\t\t\t\t\t\t\t\t\t\t\t\t\t\t<\/div> \n\t\t\t\t\t\t\t\t\t<div class=\"single-box two\">\n\t\t\t\t\t\t\t\t\t\t   \n\t\t\t\t\t\t\t\t\t\t<img decoding=\"async\" src=\"https:\/\/ingenieriaredco.com\/wp-content\/uploads\/2024\/11\/bola1.jpg\" alt=\"\"\/>\n\t\t\t\t\t\t\t\t\t\t\t\t\t\t\t\t\t\t\t<\/div>   \n\t\t\t\t\t\t\t\t\t<div class=\"single-box three\">\n\t\t\t\t\t\t\t\t\t\t   \n\t\t\t\t\t\t\t\t\t\t<img decoding=\"async\" src=\"https:\/\/ingenieriaredco.com\/wp-content\/uploads\/2024\/11\/bola2.jpg\" alt=\"\"\/>\n\t\t\t\t\t\t\t\t\t\t\t\t\t\t\t\t\t\t\t<\/div>   \n\t\t\t\t\t\t\t\t\t<div class=\"single-box four\">\n\t\t\t\t\t\t\t\t\t\t   \n\t\t\t\t\t\t\t\t\t\t<img decoding=\"async\" src=\"https:\/\/ingenieriaredco.com\/wp-content\/uploads\/2024\/11\/bola3.jpg\" alt=\"\"\/>\n\t\t\t\t\t\t\t\t\t\t\t\t\t\t\t\t\t\t\t<\/div>   \n\t\t\t\t\t\t\t\t\t<div class=\"single-box five\">\n\t\t\t\t\t\t\t\t\t\t   \n\t\t\t\t\t\t\t\t\t\t<img decoding=\"async\" src=\"https:\/\/ingenieriaredco.com\/wp-content\/uploads\/2024\/11\/logonosotrospeq.jpg\" alt=\"\"\/>\n\t\t\t\t\t\t\t\t\t\t\t\t\t\t\t\t\t\t\t<\/div>      \n\t\t\t\t\t\t\t\t<\/div> \n\t\t\t\t\t\t\t\t<div class=\"about-style1_user-name\">\n\t\t\t\t\t\t\t\t\t<h3>Seremos la fuerza impulsora detr\u00e1s de los proyectos m\u00e1s innovadores del pa\u00eds<\/h3>\n\t\t\t\t\t\t\t\t\t<p><\/p>\n\t\t\t\t\t\t\t\t<\/div>\n\t\t\t\t\t\t\t<\/div>   \n\t\t\t\t\t\t<\/div>\n\t\t\t\t\t<\/div>\n\t\t\t\t<\/div>\n\t\t\t<\/div>\n\t\t<\/section>\n            \n\t\t\t\t\t\t<\/div>\n\t\t\t\t<\/div>\n\t\t\t\t\t<\/div>\n\t\t<\/div>\n\t\t\t\t\t<\/div>\n\t\t<\/section>\n\t\t\t\t<section class=\"elementor-section elementor-top-section elementor-element elementor-element-be337b6 elementor-section-boxed elementor-section-height-default elementor-section-height-default\" data-id=\"be337b6\" data-element_type=\"section\" data-e-type=\"section\" data-settings=\"{&quot;background_background&quot;:&quot;classic&quot;}\">\n\t\t\t\t\t\t<div class=\"elementor-container elementor-column-gap-default\">\n\t\t\t\t\t<div class=\"elementor-column elementor-col-100 elementor-top-column elementor-element elementor-element-745e83d\" data-id=\"745e83d\" data-element_type=\"column\" data-e-type=\"column\">\n\t\t\t<div class=\"elementor-widget-wrap elementor-element-populated\">\n\t\t\t\t\t\t<div class=\"elementor-element elementor-element-2596e74 elementor-widget elementor-widget-spacer\" data-id=\"2596e74\" data-element_type=\"widget\" data-e-type=\"widget\" data-widget_type=\"spacer.default\">\n\t\t\t\t<div class=\"elementor-widget-container\">\n\t\t\t\t\t\t\t<div class=\"elementor-spacer\">\n\t\t\t<div class=\"elementor-spacer-inner\"><\/div>\n\t\t<\/div>\n\t\t\t\t\t\t<\/div>\n\t\t\t\t<\/div>\n\t\t\t\t<div class=\"elementor-element elementor-element-f1f9758 elementor-widget elementor-widget-xoven_h1_about_title\" data-id=\"f1f9758\" data-element_type=\"widget\" data-e-type=\"widget\" data-widget_type=\"xoven_h1_about_title.default\">\n\t\t\t\t<div class=\"elementor-widget-container\">\n\t\t\t\t\t\n\t\t<section class=\"about-style1-area Five\">\n\t\t\t<div class=\"container\">\n\t\t\t\t\t\t\t\t<div class=\"sec-title text-center\">\n\t\t\t\t\t<div class=\"sub-title\">\n\t\t\t\t\t\t<h3>valores corporativos<\/h3>\n\t\t\t\t\t<\/div>\n\t\t\t\t\t<h2>Nuestros Valores<\/h2>\n\t\t\t\t<\/div>\n\t\t\t\t\t\t\t<\/div>\n\t\t<\/section>\n            \n\t\t\t\t\t\t<\/div>\n\t\t\t\t<\/div>\n\t\t\t\t<div class=\"elementor-element elementor-element-9dd4720 elementor-arrows-position-inside elementor-pagination-position-outside elementor-widget elementor-widget-image-carousel\" data-id=\"9dd4720\" data-element_type=\"widget\" data-e-type=\"widget\" data-settings=\"{&quot;slides_to_show&quot;:&quot;2&quot;,&quot;navigation&quot;:&quot;both&quot;,&quot;autoplay&quot;:&quot;yes&quot;,&quot;pause_on_hover&quot;:&quot;yes&quot;,&quot;pause_on_interaction&quot;:&quot;yes&quot;,&quot;autoplay_speed&quot;:5000,&quot;infinite&quot;:&quot;yes&quot;,&quot;speed&quot;:500}\" data-widget_type=\"image-carousel.default\">\n\t\t\t\t<div class=\"elementor-widget-container\">\n\t\t\t\t\t\t\t<div class=\"elementor-image-carousel-wrapper swiper\" role=\"region\" aria-roledescription=\"carousel\" aria-label=\"Carrusel de im\u00e1genes\" dir=\"ltr\">\n\t\t\t<div class=\"elementor-image-carousel swiper-wrapper\" aria-live=\"off\">\n\t\t\t\t\t\t\t\t<div class=\"swiper-slide\" role=\"group\" aria-roledescription=\"slide\" aria-label=\"1 of 6\"><figure class=\"swiper-slide-inner\"><img decoding=\"async\" class=\"swiper-slide-image\" src=\"https:\/\/ingenieriaredco.com\/wp-content\/uploads\/2024\/11\/copr_responsabilidad-1536x683.jpg\" alt=\"copr_responsabilidad\" \/><\/figure><\/div><div class=\"swiper-slide\" role=\"group\" aria-roledescription=\"slide\" aria-label=\"2 of 6\"><figure class=\"swiper-slide-inner\"><img decoding=\"async\" class=\"swiper-slide-image\" src=\"https:\/\/ingenieriaredco.com\/wp-content\/uploads\/2024\/11\/copr_resiliencia-1536x683.jpg\" alt=\"copr_resiliencia\" \/><\/figure><\/div><div class=\"swiper-slide\" role=\"group\" aria-roledescription=\"slide\" aria-label=\"3 of 6\"><figure class=\"swiper-slide-inner\"><img decoding=\"async\" class=\"swiper-slide-image\" src=\"https:\/\/ingenieriaredco.com\/wp-content\/uploads\/2024\/11\/copr_honestidad-1536x683.jpg\" alt=\"copr_honestidad\" \/><\/figure><\/div><div class=\"swiper-slide\" role=\"group\" aria-roledescription=\"slide\" aria-label=\"4 of 6\"><figure class=\"swiper-slide-inner\"><img decoding=\"async\" class=\"swiper-slide-image\" src=\"https:\/\/ingenieriaredco.com\/wp-content\/uploads\/2024\/11\/copr_pasion-1536x683.jpg\" alt=\"copr_pasion\" \/><\/figure><\/div><div class=\"swiper-slide\" role=\"group\" aria-roledescription=\"slide\" aria-label=\"5 of 6\"><figure class=\"swiper-slide-inner\"><img decoding=\"async\" class=\"swiper-slide-image\" src=\"https:\/\/ingenieriaredco.com\/wp-content\/uploads\/2024\/11\/copr_lealtad-1536x683.jpg\" alt=\"copr_lealtad\" \/><\/figure><\/div><div class=\"swiper-slide\" role=\"group\" aria-roledescription=\"slide\" aria-label=\"6 of 6\"><figure class=\"swiper-slide-inner\"><img decoding=\"async\" class=\"swiper-slide-image\" src=\"https:\/\/ingenieriaredco.com\/wp-content\/uploads\/2024\/11\/copr_confianza-1536x683.jpg\" alt=\"copr_confianza\" \/><\/figure><\/div>\t\t\t<\/div>\n\t\t\t\t\t\t\t\t\t\t\t\t<div class=\"elementor-swiper-button elementor-swiper-button-prev\" role=\"button\" tabindex=\"0\">\n\t\t\t\t\t\t<svg aria-hidden=\"true\" class=\"e-font-icon-svg e-eicon-chevron-left\" viewBox=\"0 0 1000 1000\" xmlns=\"http:\/\/www.w3.org\/2000\/svg\"><path d=\"M646 125C629 125 613 133 604 142L308 442C296 454 292 471 292 487 292 504 296 521 308 533L604 854C617 867 629 875 646 875 663 875 679 871 692 858 704 846 713 829 713 812 713 796 708 779 692 767L438 487 692 225C700 217 708 204 708 187 708 171 704 154 692 142 675 129 663 125 646 125Z\"><\/path><\/svg>\t\t\t\t\t<\/div>\n\t\t\t\t\t<div class=\"elementor-swiper-button elementor-swiper-button-next\" role=\"button\" tabindex=\"0\">\n\t\t\t\t\t\t<svg aria-hidden=\"true\" class=\"e-font-icon-svg e-eicon-chevron-right\" viewBox=\"0 0 1000 1000\" xmlns=\"http:\/\/www.w3.org\/2000\/svg\"><path d=\"M696 533C708 521 713 504 713 487 713 471 708 454 696 446L400 146C388 133 375 125 354 125 338 125 325 129 313 142 300 154 292 171 292 187 292 204 296 221 308 233L563 492 304 771C292 783 288 800 288 817 288 833 296 850 308 863 321 871 338 875 354 875 371 875 388 867 400 854L696 533Z\"><\/path><\/svg>\t\t\t\t\t<\/div>\n\t\t\t\t\n\t\t\t\t\t\t\t\t\t<div class=\"swiper-pagination\"><\/div>\n\t\t\t\t\t\t\t\t\t<\/div>\n\t\t\t\t\t\t<\/div>\n\t\t\t\t<\/div>\n\t\t\t\t\t<\/div>\n\t\t<\/div>\n\t\t\t\t\t<\/div>\n\t\t<\/section>\n\t\t\t\t<\/div>\n\t\t","protected":false},"excerpt":{"rendered":"<p>en ingenier\u00eda redco estamos orgullosos de contribuir con nuestra experiencia y la de nuestros profesionales, para la ejecuci\u00f3n y operaci\u00f3n de cada uno de los proyectos de ingenier\u00eda, de manera exitosa 15 a\u00f1os en colombia Nuestra experiencia habla por nosotros! \u201cSatisfacer las necesidades de nuestros clientes proyectando su crecimiento, siempre ser\u00e1 el primer paso y [&hellip;]<\/p>\n","protected":false},"author":1,"featured_media":0,"parent":0,"menu_order":0,"comment_status":"closed","ping_status":"closed","template":"tpl-default-elementor.php","meta":{"footnotes":""},"class_list":["post-417","page","type-page","status-publish","hentry"],"_links":{"self":[{"href":"https:\/\/ingenieriaredco.com\/index.php\/wp-json\/wp\/v2\/pages\/417","targetHints":{"allow":["GET"]}}],"collection":[{"href":"https:\/\/ingenieriaredco.com\/index.php\/wp-json\/wp\/v2\/pages"}],"about":[{"href":"https:\/\/ingenieriaredco.com\/index.php\/wp-json\/wp\/v2\/types\/page"}],"author":[{"embeddable":true,"href":"https:\/\/ingenieriaredco.com\/index.php\/wp-json\/wp\/v2\/users\/1"}],"replies":[{"embeddable":true,"href":"https:\/\/ingenieriaredco.com\/index.php\/wp-json\/wp\/v2\/comments?post=417"}],"version-history":[{"count":116,"href":"https:\/\/ingenieriaredco.com\/index.php\/wp-json\/wp\/v2\/pages\/417\/revisions"}],"predecessor-version":[{"id":1713,"href":"https:\/\/ingenieriaredco.com\/index.php\/wp-json\/wp\/v2\/pages\/417\/revisions\/1713"}],"wp:attachment":[{"href":"https:\/\/ingenieriaredco.com\/index.php\/wp-json\/wp\/v2\/media?parent=417"}],"curies":[{"name":"wp","href":"https:\/\/api.w.org\/{rel}","templated":true}]}}