{"id":2680,"date":"2026-02-19T08:18:32","date_gmt":"2026-02-19T13:18:32","guid":{"rendered":"https:\/\/ingenieriaredco.com\/?page_id=2680"},"modified":"2026-02-19T08:23:21","modified_gmt":"2026-02-19T13:23:21","slug":"empalmador-bogota","status":"publish","type":"page","link":"https:\/\/ingenieriaredco.com\/index.php\/empalmador-bogota\/","title":{"rendered":"Empalmador Bogot\u00e1"},"content":{"rendered":"\t\t<div data-elementor-type=\"wp-page\" data-elementor-id=\"2680\" class=\"elementor elementor-2680\">\n\t\t\t\t<div class=\"elementor-element elementor-element-8fca53e e-flex e-con-boxed e-con e-parent\" data-id=\"8fca53e\" data-element_type=\"container\" data-e-type=\"container\">\n\t\t\t\t\t<div class=\"e-con-inner\">\n\t\t<div class=\"elementor-element elementor-element-89ebca8 e-con-full e-flex e-con e-child\" data-id=\"89ebca8\" data-element_type=\"container\" data-e-type=\"container\">\n\t\t\t\t<div class=\"elementor-element elementor-element-d121be3 elementor-widget elementor-widget-image\" data-id=\"d121be3\" data-element_type=\"widget\" data-e-type=\"widget\" data-widget_type=\"image.default\">\n\t\t\t\t<div class=\"elementor-widget-container\">\n\t\t\t\t\t\t\t\t\t\t\t\t\t\t\t<img fetchpriority=\"high\" decoding=\"async\" width=\"525\" height=\"740\" src=\"https:\/\/ingenieriaredco.com\/wp-content\/uploads\/2026\/02\/empleo_empalbogota-726x1024.jpeg\" class=\"attachment-large size-large wp-image-2659\" alt=\"\" srcset=\"https:\/\/ingenieriaredco.com\/wp-content\/uploads\/2026\/02\/empleo_empalbogota-726x1024.jpeg 726w, https:\/\/ingenieriaredco.com\/wp-content\/uploads\/2026\/02\/empleo_empalbogota-213x300.jpeg 213w, https:\/\/ingenieriaredco.com\/wp-content\/uploads\/2026\/02\/empleo_empalbogota-768x1083.jpeg 768w, https:\/\/ingenieriaredco.com\/wp-content\/uploads\/2026\/02\/empleo_empalbogota-1090x1536.jpeg 1090w, https:\/\/ingenieriaredco.com\/wp-content\/uploads\/2026\/02\/empleo_empalbogota.jpeg 1135w\" sizes=\"(max-width: 525px) 100vw, 525px\" \/>\t\t\t\t\t\t\t\t\t\t\t\t\t\t\t<\/div>\n\t\t\t\t<\/div>\n\t\t\t\t<\/div>\n\t\t<div class=\"elementor-element elementor-element-e0a849c e-con-full e-flex e-con e-child\" data-id=\"e0a849c\" data-element_type=\"container\" data-e-type=\"container\">\n\t\t\t\t<div class=\"elementor-element elementor-element-6be2b3c elementor-widget elementor-widget-text-editor\" data-id=\"6be2b3c\" data-element_type=\"widget\" data-e-type=\"widget\" data-widget_type=\"text-editor.default\">\n\t\t\t\t<div class=\"elementor-widget-container\">\n\t\t\t\t\t\t\t\t\t<p>Oferta disponible para la ciudad de Ibagu\u00e9, si est\u00e1s interesado puedes solicitar m\u00e1s informaci\u00f3n por: <br \/><img decoding=\"async\" class=\"wp-image-2639 alignnone\" src=\"https:\/\/ingenieriaredco.com\/wp-content\/uploads\/2026\/02\/WhatsApp.png\" alt=\"\" width=\"31\" height=\"31\" srcset=\"https:\/\/ingenieriaredco.com\/wp-content\/uploads\/2026\/02\/WhatsApp.png 256w, https:\/\/ingenieriaredco.com\/wp-content\/uploads\/2026\/02\/WhatsApp-150x150.png 150w, https:\/\/ingenieriaredco.com\/wp-content\/uploads\/2026\/02\/WhatsApp-70x70.png 70w, https:\/\/ingenieriaredco.com\/wp-content\/uploads\/2026\/02\/WhatsApp-105x100.png 105w\" sizes=\"(max-width: 31px) 100vw, 31px\" \/><a style=\"font-size: 16px; background-color: #f3f3f4;\" href=\"https:\/\/api.whatsapp.com\/send\/?phone=573168312958\" target=\"_blank\" rel=\"noopener\">Whatsapp<\/a><br \/><img decoding=\"async\" class=\"alignnone wp-image-2640\" src=\"https:\/\/ingenieriaredco.com\/wp-content\/uploads\/2026\/02\/mail.png\" alt=\"\" width=\"33\" height=\"33\" srcset=\"https:\/\/ingenieriaredco.com\/wp-content\/uploads\/2026\/02\/mail.png 256w, https:\/\/ingenieriaredco.com\/wp-content\/uploads\/2026\/02\/mail-150x150.png 150w, https:\/\/ingenieriaredco.com\/wp-content\/uploads\/2026\/02\/mail-70x70.png 70w\" sizes=\"(max-width: 33px) 100vw, 33px\" \/> gestionhumana@ingenieriaredco.com<br \/><img decoding=\"async\" class=\"alignnone wp-image-2640\" src=\"https:\/\/ingenieriaredco.com\/wp-content\/uploads\/2026\/02\/mail.png\" alt=\"\" width=\"33\" height=\"33\" srcset=\"https:\/\/ingenieriaredco.com\/wp-content\/uploads\/2026\/02\/mail.png 256w, https:\/\/ingenieriaredco.com\/wp-content\/uploads\/2026\/02\/mail-150x150.png 150w, https:\/\/ingenieriaredco.com\/wp-content\/uploads\/2026\/02\/mail-70x70.png 70w\" sizes=\"(max-width: 33px) 100vw, 33px\" \/>\u00a0 auxiliarghumana@ingenieriaredco.com<br \/>Nota importante si env\u00eda su hoja de vida:<br \/>1. Solo env\u00ede la hoja de vida, requiere soportes como certificados laborales, certificados de trabajo en alturas, copia de la licencia de conducci\u00f3n.<\/p>\t\t\t\t\t\t\t\t<\/div>\n\t\t\t\t<\/div>\n\t\t\t\t<\/div>\n\t\t\t\t\t<\/div>\n\t\t\t\t<\/div>\n\t\t\t\t<\/div>\n\t\t","protected":false},"excerpt":{"rendered":"<p>Oferta disponible para la ciudad de Ibagu\u00e9, si est\u00e1s interesado puedes solicitar m\u00e1s informaci\u00f3n por: Whatsapp gestionhumana@ingenieriaredco.com\u00a0 auxiliarghumana@ingenieriaredco.comNota importante si env\u00eda su hoja de vida:1. Solo env\u00ede la hoja de vida, requiere soportes como certificados laborales, certificados de trabajo en alturas, copia de la licencia de conducci\u00f3n.<\/p>\n","protected":false},"author":1,"featured_media":0,"parent":0,"menu_order":0,"comment_status":"closed","ping_status":"closed","template":"","meta":{"footnotes":""},"class_list":["post-2680","page","type-page","status-publish","hentry"],"_links":{"self":[{"href":"https:\/\/ingenieriaredco.com\/index.php\/wp-json\/wp\/v2\/pages\/2680","targetHints":{"allow":["GET"]}}],"collection":[{"href":"https:\/\/ingenieriaredco.com\/index.php\/wp-json\/wp\/v2\/pages"}],"about":[{"href":"https:\/\/ingenieriaredco.com\/index.php\/wp-json\/wp\/v2\/types\/page"}],"author":[{"embeddable":true,"href":"https:\/\/ingenieriaredco.com\/index.php\/wp-json\/wp\/v2\/users\/1"}],"replies":[{"embeddable":true,"href":"https:\/\/ingenieriaredco.com\/index.php\/wp-json\/wp\/v2\/comments?post=2680"}],"version-history":[{"count":7,"href":"https:\/\/ingenieriaredco.com\/index.php\/wp-json\/wp\/v2\/pages\/2680\/revisions"}],"predecessor-version":[{"id":2697,"href":"https:\/\/ingenieriaredco.com\/index.php\/wp-json\/wp\/v2\/pages\/2680\/revisions\/2697"}],"wp:attachment":[{"href":"https:\/\/ingenieriaredco.com\/index.php\/wp-json\/wp\/v2\/media?parent=2680"}],"curies":[{"name":"wp","href":"https:\/\/api.w.org\/{rel}","templated":true}]}}