{"id":1788,"date":"2024-12-18T16:23:07","date_gmt":"2024-12-18T21:23:07","guid":{"rendered":"https:\/\/ingenieriaredco.com\/nuevapag\/?page_id=1788"},"modified":"2025-06-05T08:15:29","modified_gmt":"2025-06-05T13:15:29","slug":"servicios-ingenieria-telecomunicaciones","status":"publish","type":"page","link":"https:\/\/ingenieriaredco.com\/index.php\/servicios-ingenieria-telecomunicaciones\/","title":{"rendered":"Servicios &#8211; Ingenier\u00eda Telco"},"content":{"rendered":"\t\t<div data-elementor-type=\"wp-page\" data-elementor-id=\"1788\" class=\"elementor elementor-1788\">\n\t\t\t\t\t\t<section class=\"elementor-section elementor-top-section elementor-element elementor-element-14ba0609 elementor-section-full_width elementor-section-height-default elementor-section-height-default\" data-id=\"14ba0609\" data-element_type=\"section\" data-e-type=\"section\">\n\t\t\t\t\t\t<div class=\"elementor-container elementor-column-gap-no\">\n\t\t\t\t\t<div class=\"elementor-column elementor-col-100 elementor-top-column elementor-element elementor-element-63be6b81\" data-id=\"63be6b81\" data-element_type=\"column\" data-e-type=\"column\">\n\t\t\t<div class=\"elementor-widget-wrap elementor-element-populated\">\n\t\t\t\t\t\t<div class=\"elementor-element elementor-element-2245668 elementor-widget elementor-widget-xoven_service_details\" data-id=\"2245668\" data-element_type=\"widget\" data-e-type=\"widget\" data-widget_type=\"xoven_service_details.default\">\n\t\t\t\t<div class=\"elementor-widget-container\">\n\t\t\t\t\t\n\t\t<section class=\"service-details-area two\">\n\t\t\t<div class=\"container\">\n\t\t\t\t<div class=\"row\">\n\t\t\t\t\t<div class=\"col-xl-12\">\n\t\t\t\t\t\t<div class=\"service-deails-box\">\n\t\t\t\t\t\t\t<div class=\"shape1\">\n\t\t\t\t\t\t\t\t   \n\t\t\t\t\t\t\t\t<img decoding=\"async\" src=\"https:\/\/ingenieriaredco.com\/wp-content\/uploads\/2024\/12\/thm-shape1-5.png\" alt=\"\"\/>\n\t\t\t\t\t\t\t\t\t\t\t\t\t\t\t<\/div>\n\t\t\t\t\t\t\t<div class=\"bg-shape\"><\/div>\n\t\t\t\t\t\t\t<div class=\"service-details-content-box\">\n\t\t\t\t\t\t\t\t<div class=\"icon\">\n\t\t\t\t\t\t\t\t\t   \n\t\t\t\t\t\t\t\t\t<img decoding=\"async\" src=\"https:\/\/ingenieriaredco.com\/wp-content\/uploads\/2025\/01\/telecomunicaciones.png\" alt=\"\"\/>\n\t\t\t\t\t\t\t\t\t\t\t\t\t\t\t\t\t<\/div>\n\t\t\t\t\t\t\t\t<div class=\"text\">\n\t\t\t\t\t\t\t\t\t<h3>Dise\u00f1o, Construcci\u00f3n e Implementaci\u00f3n de Soluciones de Fibra \u00d3ptica y Conectividad<\/h3>\n\t\t\t\t\t\t\t\t\t<div class=\"inner-text\">\n\t\t\t\t\t\t\t\t\t\t<p>La conectividad es el motor de un mundo cada vez m\u00e1s interconectado. En INGENIERIA REDCO, somos especialistas en soluciones de telecomunicaciones, con un enfoque en fibra \u00f3ptica y tecnolog\u00edas avanzadas. Ofrecemos servicios integrales que abarcan dise\u00f1o, construcci\u00f3n e implementaci\u00f3n, garantizando redes robustas, eficientes y escalables.<\/p>\n\t\t\t\t\t\t\t\t\t<\/div>\n\t\t\t\t\t\t\t\t<\/div>\n\t\t\t\t\t\t\t<\/div>\n\t\t\t\t\t\t\t<div class=\"service-details-image-box\">\n\t\t\t\t\t\t\t\t   \n\t\t\t\t\t\t\t\t<img decoding=\"async\" src=\"https:\/\/ingenieriaredco.com\/wp-content\/uploads\/2025\/01\/photo_4972049146705981534_y.jpg\" alt=\"\"\/>\n\t\t\t\t\t\t\t\t\t\t\t\t\t\t\t<\/div>\n\t\t\t\t\t\t\t\n\n\t\t\t\t\t\t<\/div>\n\t\t\t\t\t<\/div>\n\t\t\t\t<\/div>\n\n\t\t\t\t<div class=\"service-deails-bottom-box\">\n\t\t\t\t\t<div class=\"row\">\n\t\t\t\t\t\t\t\t\t\t\t\t<div class=\"col-xl-6 col-lg-12 col-md-12 col-sm-12\">\n\t\t\t\t\t\t\t<div class=\"single-support-box martop30\">\n\t\t\t\t\t\t\t\t<div class=\"inner-box\">\n\t\t\t\t\t\t\t\t\t<div class=\"icon\">\n\t\t\t\t\t\t\t\t\t\t<span class=\" flaticon-user\"><\/span>\n\t\t\t\t\t\t\t\t\t<\/div>\n\t\t\t\t\t\t\t\t\t<div class=\"title\">\n\t\t\t\t\t\t\t\t\t\t<h2>Dise\u00f1o especializado<\/h2>\n\t\t\t\t\t\t\t\t\t\t<p>Todo comienza con un plan s\u00f3lido. Dise\u00f1amos redes de telecomunicaciones que optimizan el rendimiento y la cobertura, adapt\u00e1ndonos a las necesidades espec\u00edficas de cada cliente. Desde redes troncales y de distribuci\u00f3n hasta redes GPON (Gigabit Passive Optical Network) y enlaces de \u00faltima milla, nuestro enfoque est\u00e1 en garantizar conectividad confiable desde el nodo hasta el cliente final.\n\nAdem\u00e1s, dise\u00f1amos infraestructuras de cableado estructurado y radioenlaces, asegurando un esquema eficiente y preparado para soportar altas demandas de datos.<\/p>\n\t\t\t\t\t\t\t\t\t<\/div>\n\t\t\t\t\t\t\t\t<\/div>\n\t\t\t\t\t\t\t<\/div>\n\t\t\t\t\t\t<\/div>\n\t\t\t\t\t\t\t\t\t\t\t\t<div class=\"col-xl-6 col-lg-12 col-md-12 col-sm-12\">\n\t\t\t\t\t\t\t<div class=\"single-support-box martop30\">\n\t\t\t\t\t\t\t\t<div class=\"inner-box\">\n\t\t\t\t\t\t\t\t\t<div class=\"icon\">\n\t\t\t\t\t\t\t\t\t\t<span class=\" flaticon-clock\"><\/span>\n\t\t\t\t\t\t\t\t\t<\/div>\n\t\t\t\t\t\t\t\t\t<div class=\"title\">\n\t\t\t\t\t\t\t\t\t\t<h2>Construcci\u00f3n e implementaci\u00f3n de redes<\/h2>\n\t\t\t\t\t\t\t\t\t\t<p>Transformamos los planos en realidad con la construcci\u00f3n de redes de fibra \u00f3ptica de alta calidad, abarcando:<br><br>\n- Redes troncales<br>\n- Redes de distribuci\u00f3n<br> \n- Redes GPON<br>\n- Cableado estructurado<br> \n- Radioenlaces<br>\n- Configuraci\u00f3n de Equipos<br>\n<br>\nNuestro equipo altamente capacitado garantiza una implementaci\u00f3n precisa, cumpliendo con los est\u00e1ndares m\u00e1s exigentes de la industria para que su empresa siempre est\u00e9 conectada.<\/p>\n\t\t\t\t\t\t\t\t\t<\/div>\n\t\t\t\t\t\t\t\t<\/div>\n\t\t\t\t\t\t\t<\/div>\n\t\t\t\t\t\t<\/div>\n\t\t\t\t\t\t\t\t\t\t\t<\/div>\n\t\t\t\t<\/div>\n\t\t\t<\/div>\n\t\t<\/section>\n            \n\t\t\t\t\t\t<\/div>\n\t\t\t\t<\/div>\n\t\t\t\t\t<\/div>\n\t\t<\/div>\n\t\t\t\t\t<\/div>\n\t\t<\/section>\n\t\t\t\t<section class=\"elementor-section elementor-top-section elementor-element elementor-element-508d7e42 elementor-section-boxed elementor-section-height-default elementor-section-height-default\" data-id=\"508d7e42\" data-element_type=\"section\" data-e-type=\"section\" data-settings=\"{&quot;background_background&quot;:&quot;classic&quot;}\">\n\t\t\t\t\t\t<div class=\"elementor-container elementor-column-gap-no\">\n\t\t\t\t\t<div class=\"elementor-column elementor-col-50 elementor-top-column elementor-element elementor-element-6e98aebd\" data-id=\"6e98aebd\" data-element_type=\"column\" data-e-type=\"column\">\n\t\t\t<div class=\"elementor-widget-wrap elementor-element-populated\">\n\t\t\t\t\t\t<div class=\"elementor-element elementor-element-126d2bcc elementor-widget elementor-widget-xoven_h1_skill_right\" data-id=\"126d2bcc\" data-element_type=\"widget\" data-e-type=\"widget\" data-widget_type=\"xoven_h1_skill_right.default\">\n\t\t\t\t<div class=\"elementor-widget-container\">\n\t\t\t\t\t\n\t\t<section class=\"skill-style1-area pdtop120\">\n\t\t\t<div class=\"custom-container\">\n\t\t\t\t<div class=\"row\">\n\t\t\t\t\t<div class=\"col-xl-12\">\n\t\t\t\t\t\t<div class=\"skill-style1_content-box\">\n\t\t\t\t\t\t\t<h2>Configuraci\u00f3n y mantenimiento continuo<\/h2>    \n\t\t\t\t\t\t\t<p>La conectividad no debe detenerse. Nos aseguramos de que cada red implementada funcione a la perfecci\u00f3n con servicios de configuraci\u00f3n avanzada y mantenimiento especializado.\n\n    Configuramos radioenlaces y redes de fibra \u00f3ptica para garantizar el m\u00e1ximo rendimiento.\n    Ofrecemos mantenimiento preventivo y correctivo, manteniendo tus sistemas en \u00f3ptimas condiciones y minimizando tiempos de inactividad.<\/p>\n\t\t\t\t\t\t\t<div class=\"skill-progress-box\">\n\t\t\t\t\t\t\t\t<div class=\"row\">\n\t\t\t\t\t\t\t\t\t\t\t\t\t\t\t\t\t\t<div class=\"col-xl-6 col-lg-6\">\n\t\t\t\t\t\t\t\t\t\t<div class=\"progress-levels \">\n\t\t\t\t\t\t\t\t\t\t\t<!--Skill Box-->\n\t\t\t\t\t\t\t\t\t\t\t<div class=\"progress-box wow\">\n\t\t\t\t\t\t\t\t\t\t\t\t<div class=\"inner count-box\">\n\t\t\t\t\t\t\t\t\t\t\t\t\t<div class=\"bar\">\n\t\t\t\t\t\t\t\t\t\t\t\t\t\t<div class=\"bar-innner\">\n\t\t\t\t\t\t\t\t\t\t\t\t\t\t\t<div class=\"bar-fill\" data-percent=\"87\" title=\"Book\"><\/div>\n\t\t\t\t\t\t\t\t\t\t\t\t\t\t<\/div>\n\t\t\t\t\t\t\t\t\t\t\t\t\t<\/div>\n\t\t\t\t\t\t\t\t\t\t\t\t\t<div class=\"skill-percent\">\n\t\t\t\t\t\t\t\t\t\t\t\t\t\t<div class=\"title\">\n\t\t\t\t\t\t\t\t\t\t\t\t\t\t\t<h6>Tendidos de Fibra a Nivel Nacional<\/h6>\n\t\t\t\t\t\t\t\t\t\t\t\t\t\t<\/div>\n\t\t\t\t\t\t\t\t\t\t\t\t\t\t<div class=\"counting\">\n\t\t\t\t\t\t\t\t\t\t\t\t\t\t\t<span>\/<\/span> <span class=\"count-text\" data-speed=\"3000\" data-stop=\"87\">0<\/span>\n\t\t\t\t\t\t\t\t\t\t\t\t\t\t\t<span class=\"percent\">%<\/span>\n\t\t\t\t\t\t\t\t\t\t\t\t\t\t<\/div>\n\t\t\t\t\t\t\t\t\t\t\t\t\t<\/div>\n\t\t\t\t\t\t\t\t\t\t\t\t<\/div>\n\t\t\t\t\t\t\t\t\t\t\t<\/div>\n\t\t\t\t\t\t\t\t\t\t<\/div>\n\t\t\t\t\t\t\t\t\t<\/div>\n\t\t\t\t\t\t\t\t\t\t\t\t\t\t\t\t\t\t<div class=\"col-xl-6 col-lg-6\">\n\t\t\t\t\t\t\t\t\t\t<div class=\"progress-levels style2\">\n\t\t\t\t\t\t\t\t\t\t\t<!--Skill Box-->\n\t\t\t\t\t\t\t\t\t\t\t<div class=\"progress-box wow\">\n\t\t\t\t\t\t\t\t\t\t\t\t<div class=\"inner count-box\">\n\t\t\t\t\t\t\t\t\t\t\t\t\t<div class=\"bar\">\n\t\t\t\t\t\t\t\t\t\t\t\t\t\t<div class=\"bar-innner\">\n\t\t\t\t\t\t\t\t\t\t\t\t\t\t\t<div class=\"bar-fill\" data-percent=\"80\" title=\"Book\"><\/div>\n\t\t\t\t\t\t\t\t\t\t\t\t\t\t<\/div>\n\t\t\t\t\t\t\t\t\t\t\t\t\t<\/div>\n\t\t\t\t\t\t\t\t\t\t\t\t\t<div class=\"skill-percent\">\n\t\t\t\t\t\t\t\t\t\t\t\t\t\t<div class=\"title\">\n\t\t\t\t\t\t\t\t\t\t\t\t\t\t\t<h6>Mantenimiento de Fibra \u00d3ptica<\/h6>\n\t\t\t\t\t\t\t\t\t\t\t\t\t\t<\/div>\n\t\t\t\t\t\t\t\t\t\t\t\t\t\t<div class=\"counting\">\n\t\t\t\t\t\t\t\t\t\t\t\t\t\t\t<span>\/<\/span> <span class=\"count-text\" data-speed=\"3000\" data-stop=\"80\">0<\/span>\n\t\t\t\t\t\t\t\t\t\t\t\t\t\t\t<span class=\"percent\">%<\/span>\n\t\t\t\t\t\t\t\t\t\t\t\t\t\t<\/div>\n\t\t\t\t\t\t\t\t\t\t\t\t\t<\/div>\n\t\t\t\t\t\t\t\t\t\t\t\t<\/div>\n\t\t\t\t\t\t\t\t\t\t\t<\/div>\n\t\t\t\t\t\t\t\t\t\t<\/div>\n\t\t\t\t\t\t\t\t\t<\/div>\n\t\t\t\t\t\t\t\t\t\t\t\t\t\t\t\t\t<\/div>\n\t\t\t\t\t\t\t<\/div>\n\t\t\t\t\t\t<\/div>\n\t\t\t\t\t<\/div>\n\t\t\t\t<\/div>    \n\t\t\t<\/div>\n\t\t<\/section>\n            \n\t\t\t\t\t\t<\/div>\n\t\t\t\t<\/div>\n\t\t\t\t\t<\/div>\n\t\t<\/div>\n\t\t\t\t<div class=\"elementor-column elementor-col-50 elementor-top-column elementor-element elementor-element-444e11c\" data-id=\"444e11c\" data-element_type=\"column\" data-e-type=\"column\">\n\t\t\t<div class=\"elementor-widget-wrap elementor-element-populated\">\n\t\t\t\t\t\t<div class=\"elementor-element elementor-element-52114748 elementor-widget elementor-widget-xoven_h1_skill_left\" data-id=\"52114748\" data-element_type=\"widget\" data-e-type=\"widget\" data-widget_type=\"xoven_h1_skill_left.default\">\n\t\t\t\t<div class=\"elementor-widget-container\">\n\t\t\t\t\t\n\t\t<section class=\"skill-style1-area two pdtop120 details\">\n\t\t\t<div class=\"custom-container\">\n\t\t\t\t<div class=\"row\">\n\t\t\t\t\t<div class=\"col-xl-12\">\n\t\t\t\t\t\n\t\t\t\t\t\t<div data-animation-box class=\"skill-style1_image-box-outer\">\n\t\t\t\t\t\t\t\t\t\t\t\t\t\t<div data-animation-text class=\"overlay-anim-black-bg skill-style1_image-box\" data-animation=\"overlay-animation\" style=\"background-image: url(https:\/\/ingenieriaredco.com\/wp-content\/uploads\/2025\/01\/photo_5001279603200867049_y.jpg);\">\n\t\t\t\t\t\t\t\t\t\t\t\t\t\t<\/div>  \n                            <div class=\"title\">\n                                <h4>fIBRA \u00d3PTICA<\/h4>\n                            <\/div>\n                        <\/div>\n\t\t\t\t\t\t\n\t\t\t\t\t\t\n\t\t\t\t\t\t\n\t\t\t\t\t<\/div>\n\t\t\t\t<\/div>    \n\t\t\t<\/div>\n\t\t<\/section>\n            \n\t\t\t\t\t\t<\/div>\n\t\t\t\t<\/div>\n\t\t\t\t\t<\/div>\n\t\t<\/div>\n\t\t\t\t\t<\/div>\n\t\t<\/section>\n\t\t\t\t<section class=\"elementor-section elementor-top-section elementor-element elementor-element-08655d7 elementor-section-full_width elementor-section-height-default elementor-section-height-default\" data-id=\"08655d7\" data-element_type=\"section\" data-e-type=\"section\">\n\t\t\t\t\t\t<div class=\"elementor-container elementor-column-gap-no\">\n\t\t\t\t\t<div class=\"elementor-column elementor-col-100 elementor-top-column elementor-element elementor-element-8932edc\" data-id=\"8932edc\" data-element_type=\"column\" data-e-type=\"column\">\n\t\t\t<div class=\"elementor-widget-wrap elementor-element-populated\">\n\t\t\t\t\t\t<div class=\"elementor-element elementor-element-a07efc3 elementor-widget elementor-widget-spacer\" data-id=\"a07efc3\" data-element_type=\"widget\" data-e-type=\"widget\" data-widget_type=\"spacer.default\">\n\t\t\t\t<div class=\"elementor-widget-container\">\n\t\t\t\t\t\t\t<div class=\"elementor-spacer\">\n\t\t\t<div class=\"elementor-spacer-inner\"><\/div>\n\t\t<\/div>\n\t\t\t\t\t\t<\/div>\n\t\t\t\t<\/div>\n\t\t\t\t\t<\/div>\n\t\t<\/div>\n\t\t\t\t\t<\/div>\n\t\t<\/section>\n\t\t\t\t<section class=\"elementor-section elementor-top-section elementor-element elementor-element-55e316c elementor-section-full_width elementor-section-height-default elementor-section-height-default\" data-id=\"55e316c\" data-element_type=\"section\" data-e-type=\"section\">\n\t\t\t\t\t\t<div class=\"elementor-container elementor-column-gap-no\">\n\t\t\t\t\t<div class=\"elementor-column elementor-col-100 elementor-top-column elementor-element elementor-element-5904a59\" data-id=\"5904a59\" data-element_type=\"column\" data-e-type=\"column\">\n\t\t\t<div class=\"elementor-widget-wrap elementor-element-populated\">\n\t\t\t\t\t\t<div class=\"elementor-element elementor-element-1dce1c9 elementor-widget elementor-widget-spacer\" data-id=\"1dce1c9\" data-element_type=\"widget\" data-e-type=\"widget\" data-widget_type=\"spacer.default\">\n\t\t\t\t<div class=\"elementor-widget-container\">\n\t\t\t\t\t\t\t<div class=\"elementor-spacer\">\n\t\t\t<div class=\"elementor-spacer-inner\"><\/div>\n\t\t<\/div>\n\t\t\t\t\t\t<\/div>\n\t\t\t\t<\/div>\n\t\t\t\t<div class=\"elementor-element elementor-element-6f10e30 elementor-arrows-position-inside elementor-widget elementor-widget-image-carousel\" data-id=\"6f10e30\" data-element_type=\"widget\" data-e-type=\"widget\" data-settings=\"{&quot;slides_to_show&quot;:&quot;1&quot;,&quot;navigation&quot;:&quot;arrows&quot;,&quot;autoplay&quot;:&quot;yes&quot;,&quot;pause_on_hover&quot;:&quot;yes&quot;,&quot;pause_on_interaction&quot;:&quot;yes&quot;,&quot;autoplay_speed&quot;:5000,&quot;infinite&quot;:&quot;yes&quot;,&quot;effect&quot;:&quot;slide&quot;,&quot;speed&quot;:500}\" data-widget_type=\"image-carousel.default\">\n\t\t\t\t<div class=\"elementor-widget-container\">\n\t\t\t\t\t\t\t<div class=\"elementor-image-carousel-wrapper swiper\" role=\"region\" aria-roledescription=\"carousel\" aria-label=\"Carrusel de im\u00e1genes\" dir=\"ltr\">\n\t\t\t<div class=\"elementor-image-carousel swiper-wrapper swiper-image-stretch\" aria-live=\"off\">\n\t\t\t\t\t\t\t\t<div class=\"swiper-slide\" role=\"group\" aria-roledescription=\"slide\" aria-label=\"1 of 2\"><figure class=\"swiper-slide-inner\"><img decoding=\"async\" class=\"swiper-slide-image\" src=\"https:\/\/ingenieriaredco.com\/wp-content\/uploads\/2025\/01\/banertelco04-1024x209.png\" alt=\"banertelco04\" \/><\/figure><\/div><div class=\"swiper-slide\" role=\"group\" aria-roledescription=\"slide\" aria-label=\"2 of 2\"><figure class=\"swiper-slide-inner\"><img decoding=\"async\" class=\"swiper-slide-image\" src=\"https:\/\/ingenieriaredco.com\/wp-content\/uploads\/2025\/01\/banertelco05-1024x209.png\" alt=\"banertelco05\" \/><\/figure><\/div>\t\t\t<\/div>\n\t\t\t\t\t\t\t\t\t\t\t\t<div class=\"elementor-swiper-button elementor-swiper-button-prev\" role=\"button\" tabindex=\"0\">\n\t\t\t\t\t\t<svg aria-hidden=\"true\" class=\"e-font-icon-svg e-eicon-chevron-left\" viewBox=\"0 0 1000 1000\" xmlns=\"http:\/\/www.w3.org\/2000\/svg\"><path d=\"M646 125C629 125 613 133 604 142L308 442C296 454 292 471 292 487 292 504 296 521 308 533L604 854C617 867 629 875 646 875 663 875 679 871 692 858 704 846 713 829 713 812 713 796 708 779 692 767L438 487 692 225C700 217 708 204 708 187 708 171 704 154 692 142 675 129 663 125 646 125Z\"><\/path><\/svg>\t\t\t\t\t<\/div>\n\t\t\t\t\t<div class=\"elementor-swiper-button elementor-swiper-button-next\" role=\"button\" tabindex=\"0\">\n\t\t\t\t\t\t<svg aria-hidden=\"true\" class=\"e-font-icon-svg e-eicon-chevron-right\" viewBox=\"0 0 1000 1000\" xmlns=\"http:\/\/www.w3.org\/2000\/svg\"><path d=\"M696 533C708 521 713 504 713 487 713 471 708 454 696 446L400 146C388 133 375 125 354 125 338 125 325 129 313 142 300 154 292 171 292 187 292 204 296 221 308 233L563 492 304 771C292 783 288 800 288 817 288 833 296 850 308 863 321 871 338 875 354 875 371 875 388 867 400 854L696 533Z\"><\/path><\/svg>\t\t\t\t\t<\/div>\n\t\t\t\t\n\t\t\t\t\t\t\t\t\t<\/div>\n\t\t\t\t\t\t<\/div>\n\t\t\t\t<\/div>\n\t\t\t\t\t<\/div>\n\t\t<\/div>\n\t\t\t\t\t<\/div>\n\t\t<\/section>\n\t\t\t\t<section class=\"elementor-section elementor-top-section elementor-element elementor-element-aacf44b elementor-section-full_width elementor-section-height-default elementor-section-height-default\" data-id=\"aacf44b\" data-element_type=\"section\" data-e-type=\"section\">\n\t\t\t\t\t\t<div class=\"elementor-container elementor-column-gap-no\">\n\t\t\t\t\t<div class=\"elementor-column elementor-col-100 elementor-top-column elementor-element elementor-element-9da5efb\" data-id=\"9da5efb\" data-element_type=\"column\" data-e-type=\"column\">\n\t\t\t<div class=\"elementor-widget-wrap elementor-element-populated\">\n\t\t\t\t\t\t<div class=\"elementor-element elementor-element-59f4464 elementor-widget elementor-widget-spacer\" data-id=\"59f4464\" data-element_type=\"widget\" data-e-type=\"widget\" data-widget_type=\"spacer.default\">\n\t\t\t\t<div class=\"elementor-widget-container\">\n\t\t\t\t\t\t\t<div class=\"elementor-spacer\">\n\t\t\t<div class=\"elementor-spacer-inner\"><\/div>\n\t\t<\/div>\n\t\t\t\t\t\t<\/div>\n\t\t\t\t<\/div>\n\t\t\t\t\t<\/div>\n\t\t<\/div>\n\t\t\t\t\t<\/div>\n\t\t<\/section>\n\t\t\t\t<\/div>\n\t\t","protected":false},"excerpt":{"rendered":"<p>Dise\u00f1o, Construcci\u00f3n e Implementaci\u00f3n de Soluciones de Fibra \u00d3ptica y Conectividad La conectividad es el motor de un mundo cada vez m\u00e1s interconectado. En INGENIERIA REDCO, somos especialistas en soluciones de telecomunicaciones, con un enfoque en fibra \u00f3ptica y tecnolog\u00edas avanzadas. Ofrecemos servicios integrales que abarcan dise\u00f1o, construcci\u00f3n e implementaci\u00f3n, garantizando redes robustas, eficientes y [&hellip;]<\/p>\n","protected":false},"author":1,"featured_media":0,"parent":0,"menu_order":0,"comment_status":"closed","ping_status":"closed","template":"tpl-default-elementor.php","meta":{"footnotes":""},"class_list":["post-1788","page","type-page","status-publish","hentry"],"_links":{"self":[{"href":"https:\/\/ingenieriaredco.com\/index.php\/wp-json\/wp\/v2\/pages\/1788","targetHints":{"allow":["GET"]}}],"collection":[{"href":"https:\/\/ingenieriaredco.com\/index.php\/wp-json\/wp\/v2\/pages"}],"about":[{"href":"https:\/\/ingenieriaredco.com\/index.php\/wp-json\/wp\/v2\/types\/page"}],"author":[{"embeddable":true,"href":"https:\/\/ingenieriaredco.com\/index.php\/wp-json\/wp\/v2\/users\/1"}],"replies":[{"embeddable":true,"href":"https:\/\/ingenieriaredco.com\/index.php\/wp-json\/wp\/v2\/comments?post=1788"}],"version-history":[{"count":47,"href":"https:\/\/ingenieriaredco.com\/index.php\/wp-json\/wp\/v2\/pages\/1788\/revisions"}],"predecessor-version":[{"id":2175,"href":"https:\/\/ingenieriaredco.com\/index.php\/wp-json\/wp\/v2\/pages\/1788\/revisions\/2175"}],"wp:attachment":[{"href":"https:\/\/ingenieriaredco.com\/index.php\/wp-json\/wp\/v2\/media?parent=1788"}],"curies":[{"name":"wp","href":"https:\/\/api.w.org\/{rel}","templated":true}]}}