{"id":17,"date":"2021-07-19T04:13:35","date_gmt":"2021-07-19T04:13:35","guid":{"rendered":"http:\/\/z.commonsupport.com\/xoven\/?page_id=17"},"modified":"2025-06-02T13:59:56","modified_gmt":"2025-06-02T18:59:56","slug":"inicio","status":"publish","type":"page","link":"https:\/\/ingenieriaredco.com\/","title":{"rendered":"Inicio"},"content":{"rendered":"\t\t<div data-elementor-type=\"wp-page\" data-elementor-id=\"17\" class=\"elementor elementor-17\">\n\t\t\t\t\t\t<section class=\"elementor-section elementor-top-section elementor-element elementor-element-3be7ef36 elementor-section-full_width elementor-section-height-default elementor-section-height-default\" data-id=\"3be7ef36\" data-element_type=\"section\" data-e-type=\"section\">\n\t\t\t\t\t\t<div class=\"elementor-container elementor-column-gap-no\">\n\t\t\t\t\t<div class=\"elementor-column elementor-col-100 elementor-top-column elementor-element elementor-element-5bec375f\" data-id=\"5bec375f\" data-element_type=\"column\" data-e-type=\"column\">\n\t\t\t<div class=\"elementor-widget-wrap elementor-element-populated\">\n\t\t\t\t\t\t<div class=\"elementor-element elementor-element-6fbe9a97 elementor-widget elementor-widget-xoven_h1_slider\" data-id=\"6fbe9a97\" data-element_type=\"widget\" data-e-type=\"widget\" data-widget_type=\"xoven_h1_slider.default\">\n\t\t\t\t<div class=\"elementor-widget-container\">\n\t\t\t\t\t\n\t\t<section class=\"main-slider style1 \">\n\t\t\t<div class=\"slider-shape1\" data-aos=\"fade-right\" data-aos-easing=\"linear\" data-aos-duration=\"3500\">\n\t\t\t\t   \n\t\t\t\t<img decoding=\"async\" class=\"zoom-fade\" src=\"https:\/\/ingenieriaredco.com\/wp-content\/uploads\/2024\/10\/slider-shape-2.png\" alt=\"\"\/>\n\t\t\t\t\t\t\t<\/div>\n\t\t\t<div class=\"slider-contact-info\">\n\t\t\t\t<div class=\"icon\">\n\t\t\t\t\t   \n\t\t\t\t\t<img decoding=\"async\" src=\"https:\/\/ingenieriaredco.com\/wp-content\/uploads\/2024\/10\/chat2.png\" alt=\"\"\/>\n\t\t\t\t\t\t\t\t\t<\/div>\n\t\t\t\t<div class=\"title\">\n\t\t\t\t\t<h5>L\u00ednea de Atenci\u00f3n<\/h5>\n\t\t\t\t\t<h3><a href=\"tel:#\">+573173701280<\/a><\/h3>\n\t\t\t\t<\/div>\n\t\t\t<\/div>\n\t\t\t<div class=\"slider-box\">\n\t\t\t\t<!-- Banner Carousel -->\n\t\t\t\t<div class=\"banner-carousel owl-theme owl-carousel\">\n\t\t\t\t\t\t\t\t\t\t<div class=\"slide\">\n\t\t\t\t\t\t<div class=\"image-layer\" class=\"video-gallery-area_bg\" style=\"background-image:url(https:\/\/ingenieriaredco.com\/wp-content\/uploads\/2021\/07\/slide-v1-1.jpg)\"><\/div>\n\t\t\t\t\t\t<div class=\"auto-container\">\n\t\t\t\t\t\t\t<div class=\"content text-center\">\n\t\t\t\t\t\t\t\t<div class=\"big-title\">\n\t\t\t\t\t\t\t\t\t<h2><span class=\"slider-text-anim\">Impulsa t\u00fa empresa con nosotros<\/span><\/h2>\n\t\t\t\t\t\t\t\t<\/div>\n\t\t\t\t\t\t\t\t<div class=\"btns-box center\">\n\t\t\t\t\t\t\t\t\t<a class=\"btn-one\" href=\"https:\/\/ingenieriaredco.com\/nuevapag\/index.php\/nosotros\/\">\n\t\t\t\t\t\t\t\t\t\t <div class=\"border_line\"><img decoding=\"async\" src=\"\" alt=\"\"><\/div>\n\t\t\t\t\t\t\t\t\t\t<span class=\"txt\">+ Nosotros<i class=\"flaticon-plus-1 plusicon\"><\/i><\/span>\n\t\t\t\t\t\t\t\t\t<\/a>\n\t\t\t\t\t\t\t\t\t<a class=\"btn-one style2 marlft15\" href=\"https:\/\/ingenieriaredco.com\/nuevapag\/index.php\/service\/\">\n\t\t\t\t\t\t\t\t\t\t<div class=\"border_line\"><img decoding=\"async\" src=\"\" alt=\"\"><\/div>\n\t\t\t\t\t\t\t\t\t\t<span class=\"txt\"><i class=\"flaticon-plus-1 plusicon\"><\/i><\/span>\n\t\t\t\t\t\t\t\t\t<\/a>\n\t\t\t\t\t\t\t\t<\/div>\n\t\t\t\t\t\t\t<\/div>\n\t\t\t\t\t\t<\/div>\n\t\t\t\t\t<\/div>\n\t\t\t\t\t\t\t\t\t\t<div class=\"slide\">\n\t\t\t\t\t\t<div class=\"image-layer\" class=\"video-gallery-area_bg\" style=\"background-image:url(https:\/\/ingenieriaredco.com\/wp-content\/uploads\/2025\/05\/slider_i_01_gris.png)\"><\/div>\n\t\t\t\t\t\t<div class=\"auto-container\">\n\t\t\t\t\t\t\t<div class=\"content text-center\">\n\t\t\t\t\t\t\t\t<div class=\"big-title\">\n\t\t\t\t\t\t\t\t\t<h2><span class=\"slider-text-anim\">Soluciones empresariales a tu alcance<\/span><\/h2>\n\t\t\t\t\t\t\t\t<\/div>\n\t\t\t\t\t\t\t\t<div class=\"btns-box center\">\n\t\t\t\t\t\t\t\t\t<a class=\"btn-one\" href=\"https:\/\/ingenieriaredco.com\/nuevapag\/index.php\/service\/\">\n\t\t\t\t\t\t\t\t\t\t <div class=\"border_line\"><img decoding=\"async\" src=\"\" alt=\"\"><\/div>\n\t\t\t\t\t\t\t\t\t\t<span class=\"txt\">+ Servicios<i class=\"flaticon-plus-1 plusicon\"><\/i><\/span>\n\t\t\t\t\t\t\t\t\t<\/a>\n\t\t\t\t\t\t\t\t\t<a class=\"btn-one style2 marlft15\" href=\"https:\/\/ingenieriaredco.com\/nuevapag\/index.php\/service\/\">\n\t\t\t\t\t\t\t\t\t\t<div class=\"border_line\"><img decoding=\"async\" src=\"\" alt=\"\"><\/div>\n\t\t\t\t\t\t\t\t\t\t<span class=\"txt\"><i class=\"flaticon-plus-1 plusicon\"><\/i><\/span>\n\t\t\t\t\t\t\t\t\t<\/a>\n\t\t\t\t\t\t\t\t<\/div>\n\t\t\t\t\t\t\t<\/div>\n\t\t\t\t\t\t<\/div>\n\t\t\t\t\t<\/div>\n\t\t\t\t\t\t\t\t\t\t<div class=\"slide\">\n\t\t\t\t\t\t<div class=\"image-layer\" class=\"video-gallery-area_bg\" style=\"background-image:url(https:\/\/ingenieriaredco.com\/wp-content\/uploads\/2025\/06\/slider_i_03_gris_3.png)\"><\/div>\n\t\t\t\t\t\t<div class=\"auto-container\">\n\t\t\t\t\t\t\t<div class=\"content text-center\">\n\t\t\t\t\t\t\t\t<div class=\"big-title\">\n\t\t\t\t\t\t\t\t\t<h2><span class=\"slider-text-anim\">el \u00e9xito de negocio, nuestro compromiso<\/span><\/h2>\n\t\t\t\t\t\t\t\t<\/div>\n\t\t\t\t\t\t\t\t<div class=\"btns-box center\">\n\t\t\t\t\t\t\t\t\t<a class=\"btn-one\" href=\"https:\/\/ingenieriaredco.com\/nuevapag\/index.php\/service\/\">\n\t\t\t\t\t\t\t\t\t\t <div class=\"border_line\"><img decoding=\"async\" src=\"\" alt=\"\"><\/div>\n\t\t\t\t\t\t\t\t\t\t<span class=\"txt\">+ Servicios<i class=\"flaticon-plus-1 plusicon\"><\/i><\/span>\n\t\t\t\t\t\t\t\t\t<\/a>\n\t\t\t\t\t\t\t\t\t<a class=\"btn-one style2 marlft15\" href=\"https:\/\/ingenieriaredco.com\/nuevapag\/index.php\/service\/\">\n\t\t\t\t\t\t\t\t\t\t<div class=\"border_line\"><img decoding=\"async\" src=\"\" alt=\"\"><\/div>\n\t\t\t\t\t\t\t\t\t\t<span class=\"txt\"><i class=\"flaticon-plus-1 plusicon\"><\/i><\/span>\n\t\t\t\t\t\t\t\t\t<\/a>\n\t\t\t\t\t\t\t\t<\/div>\n\t\t\t\t\t\t\t<\/div>\n\t\t\t\t\t\t<\/div>\n\t\t\t\t\t<\/div>\n\t\t\t\t\t\t\t\t\t<\/div>\n\t\t\t<\/div>\n\t\t<\/section>\n            \n\t\t\t\t\t\t<\/div>\n\t\t\t\t<\/div>\n\t\t\t\t\t<\/div>\n\t\t<\/div>\n\t\t\t\t\t<\/div>\n\t\t<\/section>\n\t\t\t\t<section class=\"elementor-section elementor-top-section elementor-element elementor-element-68028a0e elementor-section-full_width elementor-section-height-default elementor-section-height-default\" data-id=\"68028a0e\" data-element_type=\"section\" data-e-type=\"section\">\n\t\t\t\t\t\t<div class=\"elementor-container elementor-column-gap-no\">\n\t\t\t\t\t<div class=\"elementor-column elementor-col-100 elementor-top-column elementor-element elementor-element-7ab6cb60\" data-id=\"7ab6cb60\" data-element_type=\"column\" data-e-type=\"column\">\n\t\t\t<div class=\"elementor-widget-wrap elementor-element-populated\">\n\t\t\t\t\t\t<div class=\"elementor-element elementor-element-33fe431 elementor-widget elementor-widget-xoven_h1_clients\" data-id=\"33fe431\" data-element_type=\"widget\" data-e-type=\"widget\" data-widget_type=\"xoven_h1_clients.default\">\n\t\t\t\t<div class=\"elementor-widget-container\">\n\t\t\t\t\t\n\t\t<!--Start Partner Area-->\n\t\t<section class=\"partner-area \">\n\t\t\t<div class=\"container\">\n\t\t\t\t\t\t\t\t<div class=\"partner-title text-center\">\n\t\t\t\t\t<h2>ELLOS HAN CONFIANDO EN NOSOTROS CON UNA VISI\u00d3N HACIA EL <span>FUTURO<\/span><\/h2>\n\t\t\t\t\t<div class=\"thm-logo paroller-2\">\n\t\t\t\t\t\t\t\t\t\t\t\t<div class=\"noimage\"><\/div>\n\t\t\t\t\t\t\t\t\t\t\t<\/div>\n\t\t\t\t<\/div>\n\t\t\t\t\t\t\t\t<ul class=\"partner-box partner-carousel owl-carousel owl-theme owl-dot-style1\">\n\t\t\t\t\t\t\t\t\t\t<li class=\"single-partner-logo-box\">\n\t\t\t\t\t\t<a href=\"\"><img decoding=\"async\" src=\"\" alt=\"\"><\/a>\n\t\t\t\t\t<\/li>\n\t\t\t\t\t\t\t\t\t<\/ul>\n\t\t\t<\/div>\n\t\t<\/section> \n\t\t<!--End Partner Area--> \n            \n\t\t\t\t\t\t<\/div>\n\t\t\t\t<\/div>\n\t\t\t\t\t<\/div>\n\t\t<\/div>\n\t\t\t\t\t<\/div>\n\t\t<\/section>\n\t\t\t\t<section class=\"elementor-section elementor-top-section elementor-element elementor-element-64cbe02 elementor-section-full_width elementor-section-height-default elementor-section-height-default\" data-id=\"64cbe02\" data-element_type=\"section\" data-e-type=\"section\">\n\t\t\t\t\t\t<div class=\"elementor-container elementor-column-gap-no\">\n\t\t\t\t\t<div class=\"elementor-column elementor-col-100 elementor-top-column elementor-element elementor-element-88c35cb\" data-id=\"88c35cb\" data-element_type=\"column\" data-e-type=\"column\">\n\t\t\t<div class=\"elementor-widget-wrap elementor-element-populated\">\n\t\t\t\t\t\t<div class=\"elementor-element elementor-element-7e0d845 elementor-widget elementor-widget-xoven_h3_clients\" data-id=\"7e0d845\" data-element_type=\"widget\" data-e-type=\"widget\" data-widget_type=\"xoven_h3_clients.default\">\n\t\t\t\t<div class=\"elementor-widget-container\">\n\t\t\t\t\t\n\t\t<section class=\"partner-area partner-style2-area pdtop0 \">\n\t\t\t<div class=\"container\">\n\t\t\t\t<ul class=\"partner-box partner-carousel owl-carousel owl-theme owl-dot-style1\">\n\t\t\t\t\t\t\t\t\t\t<li class=\"single-partner-logo-box\">\n\t\t\t\t\t\t<a href=\"\"><img decoding=\"async\" src=\"https:\/\/ingenieriaredco.com\/wp-content\/uploads\/2025\/01\/logowom.png\" alt=\"\"><\/a>\n\t\t\t\t\t<\/li>\n\t\t\t\t\t\t\t\t\t\t<li class=\"single-partner-logo-box\">\n\t\t\t\t\t\t<a href=\"\"><img decoding=\"async\" src=\"https:\/\/ingenieriaredco.com\/wp-content\/uploads\/2025\/01\/logout.png\" alt=\"\"><\/a>\n\t\t\t\t\t<\/li>\n\t\t\t\t\t\t\t\t\t\t<li class=\"single-partner-logo-box\">\n\t\t\t\t\t\t<a href=\"\"><img decoding=\"async\" src=\"https:\/\/ingenieriaredco.com\/wp-content\/uploads\/2025\/01\/logoallied.png\" alt=\"\"><\/a>\n\t\t\t\t\t<\/li>\n\t\t\t\t\t\t\t\t\t\t<li class=\"single-partner-logo-box\">\n\t\t\t\t\t\t<a href=\"\"><img decoding=\"async\" src=\"https:\/\/ingenieriaredco.com\/wp-content\/uploads\/2025\/01\/logotigo.png\" alt=\"\"><\/a>\n\t\t\t\t\t<\/li>\n\t\t\t\t\t\t\t\t\t\t<li class=\"single-partner-logo-box\">\n\t\t\t\t\t\t<a href=\"\"><img decoding=\"async\" src=\"https:\/\/ingenieriaredco.com\/wp-content\/uploads\/2025\/01\/logomediac.png\" alt=\"\"><\/a>\n\t\t\t\t\t<\/li>\n\t\t\t\t\t\t\t\t\t\t<li class=\"single-partner-logo-box\">\n\t\t\t\t\t\t<a href=\"\"><img decoding=\"async\" src=\"https:\/\/ingenieriaredco.com\/wp-content\/uploads\/2025\/01\/logomarcof.png\" alt=\"\"><\/a>\n\t\t\t\t\t<\/li>\n\t\t\t\t\t\t\t\t\t\t<li class=\"single-partner-logo-box\">\n\t\t\t\t\t\t<a href=\"\"><img decoding=\"async\" src=\"https:\/\/ingenieriaredco.com\/wp-content\/uploads\/2025\/01\/logolaterminal.png\" alt=\"\"><\/a>\n\t\t\t\t\t<\/li>\n\t\t\t\t\t\t\t\t\t\t<li class=\"single-partner-logo-box\">\n\t\t\t\t\t\t<a href=\"\"><img decoding=\"async\" src=\"https:\/\/ingenieriaredco.com\/wp-content\/uploads\/2025\/01\/logointernexa.png\" alt=\"\"><\/a>\n\t\t\t\t\t<\/li>\n\t\t\t\t\t\t\t\t\t\t<li class=\"single-partner-logo-box\">\n\t\t\t\t\t\t<a href=\"\"><img decoding=\"async\" src=\"https:\/\/ingenieriaredco.com\/wp-content\/uploads\/2025\/01\/logofurel.png\" alt=\"\"><\/a>\n\t\t\t\t\t<\/li>\n\t\t\t\t\t\t\t\t\t\t<li class=\"single-partner-logo-box\">\n\t\t\t\t\t\t<a href=\"\"><img decoding=\"async\" src=\"https:\/\/ingenieriaredco.com\/wp-content\/uploads\/2025\/01\/logoepm.png\" alt=\"\"><\/a>\n\t\t\t\t\t<\/li>\n\t\t\t\t\t\t\t\t\t\t<li class=\"single-partner-logo-box\">\n\t\t\t\t\t\t<a href=\"\"><img decoding=\"async\" src=\"https:\/\/ingenieriaredco.com\/wp-content\/uploads\/2025\/01\/logocens.png\" alt=\"\"><\/a>\n\t\t\t\t\t<\/li>\n\t\t\t\t\t\t\t\t\t\t<li class=\"single-partner-logo-box\">\n\t\t\t\t\t\t<a href=\"\"><img decoding=\"async\" src=\"https:\/\/ingenieriaredco.com\/wp-content\/uploads\/2025\/01\/logoesu.png\" alt=\"\"><\/a>\n\t\t\t\t\t<\/li>\n\t\t\t\t\t\t\t\t\t\t<li class=\"single-partner-logo-box\">\n\t\t\t\t\t\t<a href=\"\"><img decoding=\"async\" src=\"https:\/\/ingenieriaredco.com\/wp-content\/uploads\/2025\/01\/logocelsia.png\" alt=\"\"><\/a>\n\t\t\t\t\t<\/li>\n\t\t\t\t\t\t\t\t\t\t<li class=\"single-partner-logo-box\">\n\t\t\t\t\t\t<a href=\"\"><img decoding=\"async\" src=\"https:\/\/ingenieriaredco.com\/wp-content\/uploads\/2025\/01\/logofiberhome.png\" alt=\"\"><\/a>\n\t\t\t\t\t<\/li>\n\t\t\t\t\t\t\t\t\t\t<li class=\"single-partner-logo-box\">\n\t\t\t\t\t\t<a href=\"\"><img decoding=\"async\" src=\"https:\/\/ingenieriaredco.com\/wp-content\/uploads\/2025\/01\/logoazteca.png\" alt=\"\"><\/a>\n\t\t\t\t\t<\/li>\n\t\t\t\t\t\t\t\t\t<\/ul>\n\t\t\t<\/div>\n\t\t<\/section> \n            \n\t\t\t\t\t\t<\/div>\n\t\t\t\t<\/div>\n\t\t\t\t\t<\/div>\n\t\t<\/div>\n\t\t\t\t\t<\/div>\n\t\t<\/section>\n\t\t\t\t<section class=\"elementor-section elementor-top-section elementor-element elementor-element-e248306 elementor-section-full_width elementor-section-height-default elementor-section-height-default\" data-id=\"e248306\" data-element_type=\"section\" data-e-type=\"section\">\n\t\t\t\t\t\t<div class=\"elementor-container elementor-column-gap-no\">\n\t\t\t\t\t<div class=\"elementor-column elementor-col-100 elementor-top-column elementor-element elementor-element-53ad67d\" data-id=\"53ad67d\" data-element_type=\"column\" data-e-type=\"column\">\n\t\t\t<div class=\"elementor-widget-wrap elementor-element-populated\">\n\t\t\t\t\t\t<div class=\"elementor-element elementor-element-967107d elementor-widget elementor-widget-xoven_h3_service\" data-id=\"967107d\" data-element_type=\"widget\" data-e-type=\"widget\" data-widget_type=\"xoven_h3_service.default\">\n\t\t\t\t<div class=\"elementor-widget-container\">\n\t\t\t\t\t\n\t\t<section class=\"service-style3-area \">\n\t\t\t<div class=\"container\">\n\t\t\t\t\t\t\t\t<div class=\"sec-title text-center\">\n\t\t\t\t\t<div class=\"sub-title\">\n\t\t\t\t\t\t<h3>en ingenier\u00eda redco<\/h3>\n\t\t\t\t\t<\/div>\n\t\t\t\t\t<h2>Contamos con certificaci\u00f3n en<\/h2>\n\t\t\t\t<\/div>\n\t\t\t\t\t\t\t\t<div class=\"row\">\n\t\t\t\t\t\t\t\t\t\t<div class=\"col-xl-4 col-lg-6 col-md-6\">\n\t\t\t\t\t\t<div class=\"single-service-style3 text-center\">\n\t\t\t\t\t\t\t<div class=\"icon\">\n\t\t\t\t\t\t\t\t<img decoding=\"async\" src=\"https:\/\/ingenieriaredco.com\/wp-content\/uploads\/2025\/01\/is9001.png\" alt=\"\">\n\t\t\t\t\t\t\t<\/div>\n\t\t\t\t\t\t\t<div class=\"title\">\n\t\t\t\t\t\t\t\t<h3><a href=\"\">ISO 9001<\/a><\/h3>\n\t\t\t\t\t\t\t\t<div class=\"border-box\"><\/div>\n\t\t\t\t\t\t\t\t<div class=\"inner-text\">\n\t\t\t\t\t\t\t\t\t<p>Gesti\u00f3n de Calidad <br> <\/br><\/p>\n\t\t\t\t\t\t\t\t<\/div>\n\t\t\t\t\t\t\t<\/div>\n\t\t\t\t\t\t<\/div>\n\t\t\t\t\t<\/div>\n\t\t\t\t\t\t\t\t\t\t<div class=\"col-xl-4 col-lg-6 col-md-6\">\n\t\t\t\t\t\t<div class=\"single-service-style3 text-center\">\n\t\t\t\t\t\t\t<div class=\"icon\">\n\t\t\t\t\t\t\t\t<img decoding=\"async\" src=\"https:\/\/ingenieriaredco.com\/wp-content\/uploads\/2025\/01\/iso14001.png\" alt=\"\">\n\t\t\t\t\t\t\t<\/div>\n\t\t\t\t\t\t\t<div class=\"title\">\n\t\t\t\t\t\t\t\t<h3><a href=\"\">ISO 14001<\/a><\/h3>\n\t\t\t\t\t\t\t\t<div class=\"border-box\"><\/div>\n\t\t\t\t\t\t\t\t<div class=\"inner-text\">\n\t\t\t\t\t\t\t\t\t<p>Gesti\u00f3n Ambiental<br> <\/br><\/p>\n\t\t\t\t\t\t\t\t<\/div>\n\t\t\t\t\t\t\t<\/div>\n\t\t\t\t\t\t<\/div>\n\t\t\t\t\t<\/div>\n\t\t\t\t\t\t\t\t\t\t<div class=\"col-xl-4 col-lg-6 col-md-6\">\n\t\t\t\t\t\t<div class=\"single-service-style3 text-center\">\n\t\t\t\t\t\t\t<div class=\"icon\">\n\t\t\t\t\t\t\t\t<img decoding=\"async\" src=\"https:\/\/ingenieriaredco.com\/wp-content\/uploads\/2025\/01\/iso45001.png\" alt=\"\">\n\t\t\t\t\t\t\t<\/div>\n\t\t\t\t\t\t\t<div class=\"title\">\n\t\t\t\t\t\t\t\t<h3><a href=\"\">iso 45001<\/a><\/h3>\n\t\t\t\t\t\t\t\t<div class=\"border-box\"><\/div>\n\t\t\t\t\t\t\t\t<div class=\"inner-text\">\n\t\t\t\t\t\t\t\t\t<p>Gesti\u00f3n en Seguridad y Salud en el Trabajo<\/p>\n\t\t\t\t\t\t\t\t<\/div>\n\t\t\t\t\t\t\t<\/div>\n\t\t\t\t\t\t<\/div>\n\t\t\t\t\t<\/div>\n\t\t\t\t\t\t\t\t\t<\/div>\n\t\t\t<\/div>\n\t\t<\/section>\n            \n\t\t\t\t\t\t<\/div>\n\t\t\t\t<\/div>\n\t\t\t\t\t<\/div>\n\t\t<\/div>\n\t\t\t\t\t<\/div>\n\t\t<\/section>\n\t\t\t\t<\/div>\n\t\t","protected":false},"excerpt":{"rendered":"<p>L\u00ednea de Atenci\u00f3n +573173701280 Impulsa t\u00fa empresa con nosotros + Nosotros Soluciones empresariales a tu alcance + Servicios el \u00e9xito de negocio, nuestro compromiso + Servicios ELLOS HAN CONFIANDO EN NOSOTROS CON UNA VISI\u00d3N HACIA EL FUTURO en ingenier\u00eda redco Contamos con certificaci\u00f3n en ISO 9001 Gesti\u00f3n de Calidad ISO 14001 Gesti\u00f3n Ambiental iso 45001 [&hellip;]<\/p>\n","protected":false},"author":1,"featured_media":0,"parent":0,"menu_order":0,"comment_status":"closed","ping_status":"closed","template":"tpl-default-elementor.php","meta":{"footnotes":""},"class_list":["post-17","page","type-page","status-publish","hentry"],"_links":{"self":[{"href":"https:\/\/ingenieriaredco.com\/index.php\/wp-json\/wp\/v2\/pages\/17","targetHints":{"allow":["GET"]}}],"collection":[{"href":"https:\/\/ingenieriaredco.com\/index.php\/wp-json\/wp\/v2\/pages"}],"about":[{"href":"https:\/\/ingenieriaredco.com\/index.php\/wp-json\/wp\/v2\/types\/page"}],"author":[{"embeddable":true,"href":"https:\/\/ingenieriaredco.com\/index.php\/wp-json\/wp\/v2\/users\/1"}],"replies":[{"embeddable":true,"href":"https:\/\/ingenieriaredco.com\/index.php\/wp-json\/wp\/v2\/comments?post=17"}],"version-history":[{"count":205,"href":"https:\/\/ingenieriaredco.com\/index.php\/wp-json\/wp\/v2\/pages\/17\/revisions"}],"predecessor-version":[{"id":2363,"href":"https:\/\/ingenieriaredco.com\/index.php\/wp-json\/wp\/v2\/pages\/17\/revisions\/2363"}],"wp:attachment":[{"href":"https:\/\/ingenieriaredco.com\/index.php\/wp-json\/wp\/v2\/media?parent=17"}],"curies":[{"name":"wp","href":"https:\/\/api.w.org\/{rel}","templated":true}]}}